{"id":9834,"date":"2018-05-24T20:27:24","date_gmt":"2018-05-24T18:27:24","guid":{"rendered":"http:\/\/dev.acciaiterni.it\/?page_id=9834"},"modified":"2018-09-25T16:41:03","modified_gmt":"2018-09-25T14:41:03","slug":"informativa-trattamento-dati-personali","status":"publish","type":"page","link":"https:\/\/www.terninox.it\/it\/informativa-trattamento-dati-personali\/","title":{"rendered":"INFORMATIVA TRATTAMENTO DATI PERSONALI"},"content":{"rendered":"\n<style type=\"text\/css\" data-created_by=\"avia_inline_auto\" id=\"style-css-av-3ktzgq-acf18cbe4034960a11a971f21a16c11d\">\n.flex_column.av-3ktzgq-acf18cbe4034960a11a971f21a16c11d{\nborder-radius:0px 0px 0px 0px;\npadding:0px 0px 0px 0px;\n}\n<\/style>\n<div  class='flex_column av-3ktzgq-acf18cbe4034960a11a971f21a16c11d av_one_full  avia-builder-el-0  avia-builder-el-no-sibling  first flex_column_div av-zero-column-padding  '     ><section  class='av_textblock_section av-2vts22-d2985a4e5b2da617ea2e43afd3f31234 '   itemscope=\"itemscope\" itemtype=\"https:\/\/schema.org\/CreativeWork\" ><div class='avia_textblock'  itemprop=\"text\" ><p><strong>INFORMATIVA PER IL TRATTAMENTO DEI DATI PERSONALI<\/strong><\/p>\n<p><strong>* * *<\/strong><\/p>\n<p>Terninox S.p.A. con Unico Socio, con sede in Via Milano, 12, 20020 Ceriano Laghetto (MI) Italy, P. Iva 00602670556, in qualit\u00e0 di titolare del trattamento dei dati personali dei propri clienti (in seguito \u201c<strong>Titolare<\/strong>\u201d), La informa, ai sensi dell\u2019art. 13 D.Lgs. 30 giugno 2003, n. 196 (in seguito, \u201c<strong>Codice Privacy<\/strong>\u201d) e dell\u2019art. 13 Regolamento UE n. 2016\/679 (in seguito, \u201c<strong>Regolamento<\/strong>\u201d che i Suoi dati personali inerenti, connessi e\/o strumentali all\u2019esecuzione del contratto di vendita, potranno essere oggetto di trattamento con le modalit\u00e0 e per le finalit\u00e0 seguenti:<\/p>\n<ol>\n<li><strong> Finalit\u00e0 e base giuridica del trattamento<\/strong><\/li>\n<\/ol>\n<p>I Suoi dati personali, inclusi i dati anagrafici, fiscali, nonch\u00e9 gli estremi del Suo conto corrente bancario, verranno trattati (per la definizione di \u2018trattamento\u2019, v. art. 4, comma 1 lett. a) Codice Privacy, nonch\u00e9 art. 4, par. 1, n. 2 del Regolamento) per finalit\u00e0 legate al rispetto delle disposizioni normative e Regolamentari vigenti in materia civile, fiscale e tributaria nonch\u00e9 dei provvedimenti emanati dalle competenti autorit\u00e0, alle attivit\u00e0 di verifica dei requisiti previsti dalla normativa antimafia, alle attivit\u00e0 relative alla gestione del rapporto contrattuale in conformit\u00e0 alla normativa vigente, ala necessit\u00e0 di difesa di un diritto in giudizio o nelle opportune sedi previste dalle disposizioni normative e regolamentari vigenti.<\/p>\n<p>La base giuridica del trattamento si identifica (a titolo esemplificativo) nella costituzione, esecuzione ed eventuale risoluzione del contratto di vendita stipulato tra Lei e la Societ\u00e0, e negli obblighi al medesimo contratto connessi e\/o dal medesimo direttamente e\/o indirettamente derivanti.<\/p>\n<ol start=\"2\">\n<li><strong> Modalit\u00e0 del trattamento<\/strong><\/li>\n<\/ol>\n<p>Il trattamento avverr\u00e0 con strumenti idonei a garantire la sicurezza e la riservatezza dei dati, nel rispetto di quanto previsto dagli articoli 31 e ss. del Codice Privacy e dal relativo Allegato B al Codice Privacy (\u201c<em>Disciplinare tecnico in materia di misure minime di sicurezza<\/em>\u201d), nonch\u00e9 nel rispetto di quanto previsto dal Capo II (Principi) e dal Capo IV (Titolare del trattamento e responsabile del trattamento) del Regolamento.<\/p>\n<p>Il trattamento potr\u00e0 essere effettuato anche attraverso strumenti automatizzati atti a memorizzare, gestire o trasmettere i dati stessi. Potranno, inoltre, costituire oggetto di trattamento i dati personali idonei a rivelare l\u2019eventuale esistenza di condanne penali nonch\u00e9 di procedimenti penali in corso di cui al D.P.R. 14\/11\/2002 n. 313 e ss. mm. e ii. (\u201c<em>Testo unico delle disposizioni legislative e regolamentari in materia di casellario giudiziale, di anagrafe delle sanzioni amministrative dipendenti da reato e dei relativi carichi pendenti (Testo A)<\/em>\u201d); tali dati saranno trattati \u2013 oltre a quanto gi\u00e0 precisato in via generale per tutti i dati \u2013 nel rispetto di quanto previsto dall\u2019art. 27 del Codice Privacy e dei principi di cui all\u2019art. 10 del Regolamento.<\/p>\n<p>Il trattamento dei Suoi dati personali \u00e8 realizzato per mezzo delle operazioni indicate all\u2019art. 4 Codice Privacy ed all\u2019art. 4, n. 2) del Regolamento, cui si rimanda per ogni utile finalit\u00e0.<\/p>\n<p>I dati forniti verranno conservati per tutta la durata del contratto con la nostra Societ\u00e0 e, successivamente, per tutti il tempo necessario, per finalit\u00e0 relative all\u2019adempimento di obblighi normativi in ambito amministrativo-contabile, tributario, fiscale e civilistico.<\/p>\n<p>Il Titolare del trattamento, previa richiesta scritta da parte dell\u2019interessato, fornir\u00e0 una copia dei dati personali oggetto di trattamento. In caso di ulteriori copie richieste dall\u2019interessato, il Titolare addebiter\u00e0 un contributo spese commisurato ai costi amministrativi. Il diritto di ottenere una copia da parte dell\u2019interessato non deve ledere i diritti e le libert\u00e0 altrui.<\/p>\n<ol start=\"3\">\n<li><strong> Accesso ai dati <\/strong><\/li>\n<\/ol>\n<p>I Suoi dati potranno essere resi accessibili, per le finalit\u00e0 di cui agli artt. 1 e 2, ai seguenti soggetti:<\/p>\n<ol>\n<li>ai dipendenti e collaboratori del Titolare e\/o delle Societ\u00e0 del Gruppo TK (di cui il Titolare \u00e8 parte), nella loro qualit\u00e0 di responsabili interni e\/o di incaricati del trattamento e\/o di amministratori di sistema;<\/li>\n<li>a societ\u00e0 del Gruppo TK (di cui il Titolare \u00e8 parte) e\/o a terzi che svolgono attivit\u00e0 in <em>outsourcing<\/em> per conto del Titolare, nella loro qualit\u00e0 (a titolo meramente esemplificativo e non esaustivo: istituti di credito, studi professionali, consulenti, societ\u00e0 di assicurazione per la prestazione di servizi assicurativi di responsabili esterni del trattamento e\/o di amministratori di sistema esterni per i tempi strettamente necessari all\u2019ottimale esecuzione di tale servizio);<\/li>\n<li>ai soggetti ai quali \u00e8 affidato il servizio di manutenzione e sviluppo del nostro sistema informatico, per i tempi strettamente necessari all\u2019ottimale esecuzione di tale servizio.<\/li>\n<\/ol>\n<ol start=\"4\">\n<li><strong> Comunicazione dei dati <\/strong><\/li>\n<\/ol>\n<p>Senza il Suo espresso consenso (ex art. 24 lett. a), b), d) Codice Privacy ed art. 6 lett. b) e c) del Regolamento), il Titolare potr\u00e0 comunicare i Suoi dati per le finalit\u00e0 di cui all\u2019art. 1 ad organismi di vigilanza, autorit\u00e0 giudiziarie nonch\u00e9 a tutti gli altri soggetti verso i quali la comunicazione sia obbligatoria per legge per l\u2019espletamento delle finalit\u00e0 suddette.<\/p>\n<ol start=\"5\">\n<li><strong> Trasferimento dati<\/strong><\/li>\n<\/ol>\n<p>La gestione e la conservazione dei dati personali avverr\u00e0 su server, ubicati all\u2019interno dell\u2019Unione Europea, del Titolare e\/o di societ\u00e0 terze incaricate e debitamente nominate quali Responsabili del trattamento. Attualmente i server sono situati in Italia. I dati non saranno oggetto di trasferimento al di fuori dell\u2019Unione Europea. Resta in ogni caso inteso che il Titolare, ove si rendesse necessario, avr\u00e0 facolt\u00e0 di spostare l\u2019ubicazione dei server, in Italia, all\u2019interno dell\u2019Unione Europea e\/o in Paesi extra-UE. In tal caso, il Titolare assicura sin d\u2019ora che il trasferimento dei dati extra-UE avverr\u00e0 in conformit\u00e0 agli artt. 44 ss. del Regolamento ed alle disposizioni di legge applicabili stipulando, se necessario, accordi che garantiscano un livello di protezione adeguato.<\/p>\n<ol start=\"6\">\n<li><strong> Natura del conferimento dei dati e conseguenze del rifiuto di rispondere<\/strong><\/li>\n<\/ol>\n<p>Il conferimento dei dati per le finalit\u00e0 di cui all\u2019art. 1 \u00e8 obbligatorio. I dati acquisiti, oggetto della presente informativa, sono essenziali per il perfezionamento del rapporto contrattuale e per la successiva esecuzione del rapporto contrattuale dal medesimo derivante. L&#8217;eventuale rifiuto di fornire i dati richiesti e\/o la loro inesattezza potrebbe comportare l\u2019impossibilit\u00e0 di provvedere:<\/p>\n<ol>\n<li>al rispetto delle disposizioni normative e regolamentari vigenti in materia civile, fiscale e tributaria nonch\u00e9 dei provvedimenti emanati dalle competenti autorit\u00e0;<\/li>\n<li>alla verifica dei requisiti previsti dalla normativa antimafia;<\/li>\n<li>a garanzia della corretta gestione normativa, tecnica ed economica del rapporto contrattuale;<\/li>\n<li>Ad azione o difesa di un diritto in giudizio o nelle opportune sedi previste dalle disposizioni normative e regolamentari vigenti.<\/li>\n<\/ol>\n<ol start=\"7\">\n<li><strong> Diritti dell\u2019interessato <\/strong><\/li>\n<\/ol>\n<p>Nella Sua qualit\u00e0 di interessato, La informiamo che Lei ha la possibilit\u00e0 di esercitare tutti i diritti previsti dall\u2019art. 7 Codice Privacy e dall\u2019art. 15 del Regolamento, e precisamente di diritti di:<\/p>\n<ol>\n<li>il diritto di ottenere la conferma dell&#8217;esistenza o meno di dati personali che La riguardano, anche se non ancora registrati, e la loro comunicazione in forma intelligibile;<\/li>\n<li>il diritto di ottenere l&#8217;indicazione: i) dell&#8217;origine dei dati personali; ii) delle finalit\u00e0 e modalit\u00e0 del trattamento; iii) della logica applicata in caso di trattamento effettuato con l&#8217;ausilio di strumenti elettronici; iv) degli estremi identificativi del titolare, dei responsabili e dell\u2019eventuale rappresentante designato ai sensi dell&#8217;art. 5, comma 2 Codice Privacy e dell\u2019art. 3, par. 1, del Regolamento; v) dei soggetti o delle categorie di soggetti ai quali i dati personali possono essere comunicati o che possono venirne a conoscenza in qualit\u00e0 di rappresentante designato nel territorio dello Stato, di responsabili o incaricati;<\/li>\n<li>il diritto di ottenere: i) l&#8217;aggiornamento, la rettificazione ovvero, quando ve n\u2019\u00e8 interesse, l&#8217;integrazione dei dati; ii) la cancellazione, la trasformazione in forma anonima o il blocco dei dati trattati in violazione di legge, compresi quelli di cui non \u00e8 necessaria la conservazione in relazione agli scopi per i quali i dati sono stati raccolti o successivamente trattati; iii) l&#8217;attestazione che le operazioni di cui alle lettere i) e ii) sono state portate a conoscenza, anche per quanto riguarda il loro contenuto, di coloro ai quali i dati sono stati comunicati o diffusi, eccettuato il caso in cui tale adempimento si rivela impossibile o comporta un impiego di mezzi manifestamente sproporzionato rispetto al diritto tutelato;<\/li>\n<li>il diritto di opporsi, in tutto o in parte: i) per motivi legittimi al trattamento dei dati personali che La riguardano, ancorch\u00e9 pertinenti allo scopo della raccolta;<\/li>\n<li>il diritto di ottenere, altres\u00ec, ai sensi dell\u2019art. 15 del Regolamento, la conferma che sia o meno in corso un trattamento di dati personali che lo riguardano e, in tal caso, di ottenere l\u2019accesso ai dati personali e alle seguenti informazioni: i) le categorie di dati personali in questione; ii) i destinatari o le categorie di destinatari a cui i dati personali sono stati o saranno comunicati, in particolare se destinatari di paesi terzi o organizzazioni internazionali; iii) quando possibile, il periodo di conservazione dei dati personali previsto oppure, se non \u00e8 possibile, i criteri utilizzati per determinare tale periodo; iv) l\u2019esistenza del diritto dell\u2019interessato di chiedere al Titolare del trattamento la rettifica o la cancellazione dei dati personali o la limitazione del trattamento dei dati personali che lo riguardano o di opporsi al loro trattamento; v) il diritto di proporre reclamo a un\u2019autorit\u00e0 di controllo, ai sensi degli artt. 77 ss. del Regolamento; vi) qualora i dati non siano raccolti presso l\u2019interessato, tutte le informazioni disponibili sulla loro origine; vii) l\u2019esistenza di un processo decisionale automatizzato, compresa la profilazione di cui all\u2019articolo 22, paragrafi 1 e 4 del Regolamento, e, almeno in tali casi, informazioni significative sulla logica utilizzata, nonch\u00e9 l\u2019importanza e le conseguenze previste di tale trattamento per l\u2019interessato; viii) il diritto di essere informato dell\u2019esistenza di garanzie adeguate ai sensi dell\u2019articolo 46 del Regolamento relative al trasferimento, qualora i dati personali siano trasferiti a un paese terzo o a un\u2019organizzazione internazionale;<\/li>\n<li>l\u2019interessato avr\u00e0 altres\u00ec (ove applicabili) i diritti di cui agli artt. 16-21 del Regolamento(Diritto di rettifica, diritto all\u2019oblio, diritto di limitazione di trattamento, diritto alla portabilit\u00e0 dei dati, diritto di opposizione).<\/li>\n<\/ol>\n<p>La informiamo che la Societ\u00e0 si impegna a rispondere alle sue richieste al pi\u00f9 tardi entro un mese dal ricevimento della richiesta, tale termine potrebbe essere prorogato in funzione di complessit\u00e0 o numerosit\u00e0 delle richieste. La Societ\u00e0 provveder\u00e0 a spiegarle il motivo della proroga entro un mese dalla sua richiesta.<\/p>\n<p>L\u2019esito della sua richiesta potr\u00e0 esserle fornita per iscritto o su formato elettronico.<\/p>\n<ol start=\"8\">\n<li><strong> Modalit\u00e0 di esercizio dei diritti<\/strong><\/li>\n<\/ol>\n<p>L\u2019interessato potr\u00e0 in qualsiasi momento esercitare i diritti di cui all\u2019art. 7 Codice Privacy e all\u2019art. 15 del Regolamento nelle seguenti modalit\u00e0:<\/p>\n<ol>\n<li>invio di una raccomandata a.r. a: Terninox S.p.A., c.a. del Responsabile p.t. delle Risorse Umane, viale Benedetto Brin n. 218, 05100 Terni;<\/li>\n<\/ol>\n<ol start=\"9\">\n<li><strong> Titolare, responsabile e persone autorizzate al trattamento dei dati personali<\/strong><\/li>\n<\/ol>\n<p>Il Titolare del trattamento \u00e8 Terninox \u00a0S.p.A, con Unico Socio. L\u2019elenco aggiornato dei responsabili e delle persone autorizzate al trattamento dei dati \u00e8 custodito presso la sede del Titolare del trattamento.<\/p>\n<ol start=\"10\">\n<li><strong> Modifiche alla presente Informativa <\/strong><\/li>\n<\/ol>\n<p>La presente Informativa potr\u00e0 subire delle variazioni. Si consiglia, quindi, di controllare regolarmente questa Informativa e di riferirsi alla versione pi\u00f9 aggiornata.<\/p>\n<\/div><\/section><\/div>\n","protected":false},"excerpt":{"rendered":"","protected":false},"author":1,"featured_media":0,"parent":0,"menu_order":0,"comment_status":"closed","ping_status":"closed","template":"","meta":{"footnotes":""},"class_list":["post-9834","page","type-page","status-publish","hentry"],"yoast_head":"<!-- This site is optimized with the Yoast SEO plugin v26.7 - https:\/\/yoast.com\/wordpress\/plugins\/seo\/ -->\n<title>INFORMATIVA TRATTAMENTO DATI PERSONALI - TERNINOX<\/title>\n<meta name=\"robots\" content=\"index, follow, max-snippet:-1, max-image-preview:large, max-video-preview:-1\" \/>\n<link rel=\"canonical\" href=\"https:\/\/www.terninox.it\/it\/informativa-trattamento-dati-personali\/\" \/>\n<meta property=\"og:locale\" content=\"it_IT\" \/>\n<meta property=\"og:type\" content=\"article\" \/>\n<meta property=\"og:title\" content=\"INFORMATIVA TRATTAMENTO DATI PERSONALI - TERNINOX\" \/>\n<meta property=\"og:url\" content=\"https:\/\/www.terninox.it\/it\/informativa-trattamento-dati-personali\/\" \/>\n<meta property=\"og:site_name\" content=\"TERNINOX\" \/>\n<meta property=\"article:modified_time\" content=\"2018-09-25T14:41:03+00:00\" \/>\n<meta name=\"twitter:card\" content=\"summary_large_image\" \/>\n<meta name=\"twitter:label1\" content=\"Tempo di lettura stimato\" \/>\n\t<meta name=\"twitter:data1\" content=\"9 minuti\" \/>\n<script type=\"application\/ld+json\" class=\"yoast-schema-graph\">{\"@context\":\"https:\/\/schema.org\",\"@graph\":[{\"@type\":\"WebPage\",\"@id\":\"https:\/\/www.terninox.it\/it\/informativa-trattamento-dati-personali\/\",\"url\":\"https:\/\/www.terninox.it\/it\/informativa-trattamento-dati-personali\/\",\"name\":\"INFORMATIVA TRATTAMENTO DATI PERSONALI - TERNINOX\",\"isPartOf\":{\"@id\":\"https:\/\/www.terninox.it\/#website\"},\"datePublished\":\"2018-05-24T18:27:24+00:00\",\"dateModified\":\"2018-09-25T14:41:03+00:00\",\"breadcrumb\":{\"@id\":\"https:\/\/www.terninox.it\/it\/informativa-trattamento-dati-personali\/#breadcrumb\"},\"inLanguage\":\"it-IT\",\"potentialAction\":[{\"@type\":\"ReadAction\",\"target\":[\"https:\/\/www.terninox.it\/it\/informativa-trattamento-dati-personali\/\"]}]},{\"@type\":\"BreadcrumbList\",\"@id\":\"https:\/\/www.terninox.it\/it\/informativa-trattamento-dati-personali\/#breadcrumb\",\"itemListElement\":[{\"@type\":\"ListItem\",\"position\":1,\"name\":\"Home\",\"item\":\"https:\/\/www.terninox.it\/it\/\"},{\"@type\":\"ListItem\",\"position\":2,\"name\":\"INFORMATIVA TRATTAMENTO DATI PERSONALI\"}]},{\"@type\":\"WebSite\",\"@id\":\"https:\/\/www.terninox.it\/#website\",\"url\":\"https:\/\/www.terninox.it\/\",\"name\":\"TERNINOX\",\"description\":\"ITALY&#039;S LEADING SSSC\",\"potentialAction\":[{\"@type\":\"SearchAction\",\"target\":{\"@type\":\"EntryPoint\",\"urlTemplate\":\"https:\/\/www.terninox.it\/?s={search_term_string}\"},\"query-input\":{\"@type\":\"PropertyValueSpecification\",\"valueRequired\":true,\"valueName\":\"search_term_string\"}}],\"inLanguage\":\"it-IT\"}]}<\/script>\n<!-- \/ Yoast SEO plugin. -->","yoast_head_json":{"title":"INFORMATIVA TRATTAMENTO DATI PERSONALI - TERNINOX","robots":{"index":"index","follow":"follow","max-snippet":"max-snippet:-1","max-image-preview":"max-image-preview:large","max-video-preview":"max-video-preview:-1"},"canonical":"https:\/\/www.terninox.it\/it\/informativa-trattamento-dati-personali\/","og_locale":"it_IT","og_type":"article","og_title":"INFORMATIVA TRATTAMENTO DATI PERSONALI - TERNINOX","og_url":"https:\/\/www.terninox.it\/it\/informativa-trattamento-dati-personali\/","og_site_name":"TERNINOX","article_modified_time":"2018-09-25T14:41:03+00:00","twitter_card":"summary_large_image","twitter_misc":{"Tempo di lettura stimato":"9 minuti"},"schema":{"@context":"https:\/\/schema.org","@graph":[{"@type":"WebPage","@id":"https:\/\/www.terninox.it\/it\/informativa-trattamento-dati-personali\/","url":"https:\/\/www.terninox.it\/it\/informativa-trattamento-dati-personali\/","name":"INFORMATIVA TRATTAMENTO DATI PERSONALI - TERNINOX","isPartOf":{"@id":"https:\/\/www.terninox.it\/#website"},"datePublished":"2018-05-24T18:27:24+00:00","dateModified":"2018-09-25T14:41:03+00:00","breadcrumb":{"@id":"https:\/\/www.terninox.it\/it\/informativa-trattamento-dati-personali\/#breadcrumb"},"inLanguage":"it-IT","potentialAction":[{"@type":"ReadAction","target":["https:\/\/www.terninox.it\/it\/informativa-trattamento-dati-personali\/"]}]},{"@type":"BreadcrumbList","@id":"https:\/\/www.terninox.it\/it\/informativa-trattamento-dati-personali\/#breadcrumb","itemListElement":[{"@type":"ListItem","position":1,"name":"Home","item":"https:\/\/www.terninox.it\/it\/"},{"@type":"ListItem","position":2,"name":"INFORMATIVA TRATTAMENTO DATI PERSONALI"}]},{"@type":"WebSite","@id":"https:\/\/www.terninox.it\/#website","url":"https:\/\/www.terninox.it\/","name":"TERNINOX","description":"ITALY&#039;S LEADING SSSC","potentialAction":[{"@type":"SearchAction","target":{"@type":"EntryPoint","urlTemplate":"https:\/\/www.terninox.it\/?s={search_term_string}"},"query-input":{"@type":"PropertyValueSpecification","valueRequired":true,"valueName":"search_term_string"}}],"inLanguage":"it-IT"}]}},"_links":{"self":[{"href":"https:\/\/www.terninox.it\/it\/wp-json\/wp\/v2\/pages\/9834","targetHints":{"allow":["GET"]}}],"collection":[{"href":"https:\/\/www.terninox.it\/it\/wp-json\/wp\/v2\/pages"}],"about":[{"href":"https:\/\/www.terninox.it\/it\/wp-json\/wp\/v2\/types\/page"}],"author":[{"embeddable":true,"href":"https:\/\/www.terninox.it\/it\/wp-json\/wp\/v2\/users\/1"}],"replies":[{"embeddable":true,"href":"https:\/\/www.terninox.it\/it\/wp-json\/wp\/v2\/comments?post=9834"}],"version-history":[{"count":3,"href":"https:\/\/www.terninox.it\/it\/wp-json\/wp\/v2\/pages\/9834\/revisions"}],"predecessor-version":[{"id":13603,"href":"https:\/\/www.terninox.it\/it\/wp-json\/wp\/v2\/pages\/9834\/revisions\/13603"}],"wp:attachment":[{"href":"https:\/\/www.terninox.it\/it\/wp-json\/wp\/v2\/media?parent=9834"}],"curies":[{"name":"wp","href":"https:\/\/api.w.org\/{rel}","templated":true}]}}