{"id":7079,"date":"2017-05-04T12:42:25","date_gmt":"2017-05-04T10:42:25","guid":{"rendered":"http:\/\/dev.acciaiterni.it\/?page_id=7079"},"modified":"2018-09-25T16:37:36","modified_gmt":"2018-09-25T14:37:36","slug":"note-legali-condizioni-utilizzo-sito-web","status":"publish","type":"page","link":"https:\/\/www.terninox.it\/it\/note-legali-condizioni-utilizzo-sito-web\/","title":{"rendered":"Note legali-condizioni di utilizzo del sito web"},"content":{"rendered":"\n<style type=\"text\/css\" data-created_by=\"avia_inline_auto\" id=\"style-css-av-3pulyv-85aa650c7458fd8d491a847c85f0991a\">\n.flex_column.av-3pulyv-85aa650c7458fd8d491a847c85f0991a{\nborder-radius:0px 0px 0px 0px;\npadding:0px 0px 0px 0px;\n}\n<\/style>\n<div  class='flex_column av-3pulyv-85aa650c7458fd8d491a847c85f0991a av_one_full  avia-builder-el-0  avia-builder-el-no-sibling  first flex_column_div av-zero-column-padding  '     ><section  class='av_textblock_section av-2ong3b-d2581e547121f0068e3c9c24a8962515 '   itemscope=\"itemscope\" itemtype=\"https:\/\/schema.org\/CreativeWork\" ><div class='avia_textblock'  itemprop=\"text\" ><p><strong>NOTE LEGALI<\/strong><\/p>\n<p><strong>Protezione dei dati personali<\/strong><\/p>\n<p>Terninox S.p.A, con Unico Socio (TERNINOX), ringrazia per l\u2019interesse manifestato verso la nostra azienda ed i nostri prodotti. Al fine di soddisfare pienamente i requisiti informativi, ti verr\u00e0 richiesto di fornire alcune informazioni personali, in via totalmente volontaria. Tutte le informazioni inviate al sito web di TERNINOX vengono trasmesse in forma elettronica ad un server in Italia. L\u2019accesso a questo server \u00e8 riservato a persone autorizzate, e solo per motivi editoriali, tecnici o commerciali.<\/p>\n<p>I dati personali vengono esaminati con strumenti automatizzati e non da persone reali, solo per il tempo strettamente necessario e per gli scopi per i quali sono stati raccolti, nel pieno rispetto di tutte le misure di controllo che ne garantiscono la sicurezza, la riservatezza e il pieno rispetto degli obblighi giuridici.<\/p>\n<p>TERNINOX pu\u00f2 trasferire i dati personali in formato cartaceo o su mezzi automatici per tutto il tempo necessario per raggiungere gli obiettivi per i quali tali dati sono stati raccolti. I dati personali forniti da qualsiasi utente che invii agli indirizzi e-mail pubblicati su questo sito web una qualunque richiesta di materiale informativo o qualsiasi domanda di candidatura per una posizione professionale presso TERNINOX verranno utilizzati al solo scopo di inviare le informazioni richieste o valutare le candidature. E non saranno divulgati a terzi, a meno che la divulgazione sia richiesta per esigenze legali o sia strettamente necessaria per l\u2019adempimento delle richieste presentate.<\/p>\n<p>Se hai domande sull\u2019argomento della protezione dei dati, contatta TERNINOX scrivendo al seguente indirizzo: Viale Benedetto Brin, 218, 05100 Terni (TR) oppure inviando una e-mail a <a href=\"mailto:privacy@acciaiterni.it\">privacy@acciaiterni.it<\/a><\/p>\n<p><strong>Si consiglia di leggere attentamente i seguenti termini generali e condizioni d\u2019uso prima di utilizzare il sito.<\/strong><\/p>\n<p>L\u2019accesso al sito www.terninox.it e qualsiasi utilizzo delle informazioni in esso contenute \u00e8 soggetto ai seguenti termini e condizioni generali d\u2019uso (di seguito \u201c<strong>Termini e Condizioni<\/strong>\u201d). Si \u00e8 invitati a rinunciare a qualsiasi ulteriore utilizzo del Sito nel caso in cui non si fosse d\u2019accordo con i contenuti esplicitati nei Termini e\u00a0 Condizioni. Accedendo al Sito si esprime il proprio consenso ad essere legittimamente vincolati dai presenti Termini e Condizioni. TERNINOX si riserva il diritto di modificare la sezione \u201cTermini e Condizioni\u201d a sua discrezione e in qualsiasi momento. Pertanto, \u00e8 raccomandata una verifica periodica del testo applicabile, poich\u00e9 in ogni caso l\u2019accesso al sito TERNINOX comporter\u00e0 l\u2019accettazione di eventuali modifiche apportate.<\/p>\n<p><strong>\u00a0<\/strong><strong>Copyright<\/strong><\/p>\n<p>Tutti i diritti riservati. I contenuti, incluse le immagini e il design del sito web di TERNINOX sono soggetti alla protezione del copyright e alle altre leggi per la protezione della propriet\u00e0 intellettuale. Non \u00e8 consentita alcuna diffusione o modifica dei contenuti di queste pagine, dei frame o misure simili. Inoltre, questi contenuti non possono essere copiati, diffusi, modificati o messi a disposizione di terzi a fini commerciali. Pertanto, \u00e8 possibile visualizzare, stampare e copiare il contenuto di questo sito (esclusivamente a titolo di esempio, testi, immagini, animazioni, video, loghi e disegni) esclusivamente per scopi personali di carattere non commerciale. L\u2019utilizzo, la modifica, la stampa, la visualizzazione, la riproduzione, la diffusione o la pubblicazione delle informazioni contenute in questo sito web non sono consentite senza il consenso scritto di TERNINOX, fatto salvo le disposizioni stabilite nel presente documento.<\/p>\n<p><strong>Esclusioni di garanzia<\/strong><\/p>\n<p>Le informazioni contenute nel presente sito web vengono compilate ed aggiornate periodicamente da TERNINOX. \u00c8 impossibile, tuttavia, garantire con certezza l\u2019assenza di errori. Per questo motivo TERNINOX declina ed esclude ogni responsabilit\u00e0 o garanzia riguardo all\u2019esattezza, alla completezza ed all\u2019aggiornamento delle informazioni fornite dal presente sito web. Non viene riconosciuta \u00a0alcuna garanzia di commerciabilit\u00e0 o di idoneit\u00e0 per un determinato utilizzo n\u00e9 altre garanzie di qualsiasi tipo, esplicite o implicite, con riferimento alle informazioni o ad ogni altro profilo di questo sito web.<\/p>\n<p>Questo sito web pu\u00f2 fornire link ad altri siti web. TERNINOX declina ogni responsabilit\u00e0 e non riconosce alcuna garanzia riguardo a qualsiasi informazione ottenuta attraverso l\u2019interazione con qualsiasi altro sito web trovato tramite un collegamento da questo sito web.<\/p>\n<p>In nessun caso TERNINOX dovr\u00e0 ritenersi responsabile per eventuali danni derivanti dall\u2019utilizzo o dall\u2019impossibilit\u00e0 di utilizzo, o dai risultati secondari dell\u2019utilizzo del presente sito, di siti web ad esso collegati o dai contenuti di ciascuno ed ognuno di tali siti, inclusi i danni al sistema informatico, ai dati o a qualsiasi altro oggetto personale, che dovessero derivare dal download di materiale e\/o dati provenienti dal presente sito web o da siti web raggiunti da link rinvenuti in questo sito web. TERNINOX si riserva il diritto di apportare modifiche o aggiunte alle informazioni o ai dati forniti in qualsiasi momento senza preavviso. Nella misura in cui le nostre pagine Internet contengono dichiarazioni previsionali, queste affermazioni si basano su opinioni e stime effettuate dall\u2019Alta direzione di TERNINOX e sono soggette a rischi ed incertezze. TERNINOX non \u00e8 obbligata ad aggiornare tali dichiarazioni previsionali. Ogni responsabilit\u00e0 per tali dichiarazioni \u00e8 espressamente esclusa.<\/p>\n<p>Attraverso l\u2019accesso al sito web di TERNINOX, si riconosce che ogni utilizzo del sito \u00e8 sotto la propria esclusiva responsabilit\u00e0; in particolare, si accetta di assumere il rischio di perdita di ogni dato, l\u2019impossibilit\u00e0 di utilizzo ed il costo per riparare i contenuti ed i programmi IT utilizzati in relazione all\u2019accesso e all\u2019utilizzo del sito. In nessuna circostanza TERNINOX dovr\u00e0 ritenersi responsabile del danno diretto, indiretto, specifico o generale di qualsiasi natura, indipendentemente dalla circostanza che sia a conoscenza della possibilit\u00e0 che tale danno possa verificarsi in relazione all\u2019uso di questo sito web.<\/p>\n<p><strong>Sicurezza<\/strong><\/p>\n<p>Accedendo al Sito, l\u2019utente si impegna a garantire la sicurezza, a mantenere un atteggiamento innocuo ed a tutelare TERNINOX, le sue controllate e le societ\u00e0 ad essa collegate, i suoi dipendenti, i direttori e gli azionisti contro qualsiasi reclamo da parte di terzi, per danni, perdite, costi e spese (incluse i relativi costi giudiziari ragionevolmente sostenuti) derivanti dall\u2019utilizzo del presente sito web o comunque in relazione al sito web in questione.<\/p>\n<p><strong>Marchi registrati<\/strong><\/p>\n<p>Salvo diversa indicazione, tutti i marchi utilizzati sulle pagine Internet di TERNINOX sono protetti dalla normativa sui marchi. Lo stesso vale per i loghi aziendali e le firme. Questo sito web pu\u00f2 contenere materiale protetto da diritti di propriet\u00e0 intellettuale di terzi. Gli usi ammessi in questi casi devono essere verificati con i detentori o con i licenziatari dei rispettivi diritti, cos\u00ec come indicati di volta in volta dal sito TERNINOX.<\/p>\n<p><strong>Diritti di licenza<\/strong><\/p>\n<p>TERNINOX vuole presentarsi ai suoi utenti con un sito web innovativo e facilmente accessibile. Speriamo di poter soddisfare le vostre aspettative. Tuttavia, vorremmo portare la vostra attenzione, come precauzione, sul fatto che i diritti di propriet\u00e0 intellettuale in esso contenuti, inclusi i brevetti, i marchi e i diritti d\u2019autore, sono protetti da un punto di vista legale. Questo sito web non concede alcuna licenza per utilizzare la propriet\u00e0 intellettuale che vi viene presentata.<\/p>\n<p>La duplicazione, la diffusione, la riproduzione e la successiva eventuale trasmissione o qualsiasi altro tipo di utilizzo sono vietati in assenza di consenso scritto da parte di TERNINOX.<\/p>\n<p><strong>Collegamenti e informazioni provenienti da fonti di terze parti.<\/strong><\/p>\n<p>Questo sito web pu\u00f2 contenere collegamenti ad altri siti web (di seguito i \u201cLink\u201d). TERNINOX declina ogni responsabilit\u00e0 in relazione al contenuto ed ai materiali accessibili da siti terzi o comunque scaricabili da tali siti. Tutti i link ad altri siti, nonch\u00e9 tutti gli altri riferimenti a informazioni provenienti da fonti di terze parti, non devono essere considerate come un\u2019approvazione esplicita o implicita da parte di TERNINOX. Domande e \/ o commenti riguardanti i siti associati ai Link devono essere rivolti esclusivamente agli amministratori dei siti interessati. Inoltre, questo sito pu\u00f2 contenere informazioni provenienti da fonti di terze parti, come opportunamente indicato di volta in volta, alle quali l\u2019utente dovr\u00e0 far riferimento per ogni domanda riguardante la loro accuratezza, veridicit\u00e0 e completezza.<\/p>\n<p><strong>Accesso non autorizzato e utilizzo del sito<\/strong><\/p>\n<p>Gli utenti del sito sono autorizzati a consultare solo i documenti indicati nei menu. \u00c8 vietato ogni tentativo non autorizzato di superare o ignorare le protezioni del sito web, utilizzare i sistemi operativi del sito o connessioni ad esso per usi diversi da quelli per i quali \u00e8 stato creato ovvero per impedirne l\u2019utilizzo da parte di utenti autorizzati; il divieto vale anche per l\u2019accesso, l\u2019ottenimento, la distruzione, la modifica, il danneggiamento delle informazioni contenute nel sito web o l\u2019interferenza con i suoi sistemi operativi. Tutti i comportamenti e le azioni di tal genere verranno portati immediatamente all\u2019attenzione delle autorit\u00e0 e perseguiti in tutti i tribunali civili e penali competenti, conformemente alle leggi ed alle convenzioni internazionali applicabili.<\/p>\n<p><strong>Dati di navigazione<\/strong><\/p>\n<p>I sistemi informatici e le procedure software preposte al funzionamento di questo sito web acquisiscono alcuni dati personali durante il loro normale funzionamento la cui trasmissione \u00e8 implicita nell\u2019uso dei protocolli di comunicazione di Internet.<\/p>\n<p>Tali informazioni non vengono raccolte per essere associate a interessati identificati, ma per loro stessa natura potrebbero consentire l\u2019identificazione degli utenti attraverso l\u2019elaborazione e le associazioni con dati detenuti da terzi.<\/p>\n<p>Questa tipologia di dati include gli indirizzi IP o i nomi dei computer utilizzati dagli utenti che si connettono al sito, gli indirizzi in notazione URI (Uniform Resource Identifier) delle risorse richieste, il metodo utilizzato per sottoporre la richiesta al server, la dimensione del file ottenuto in risposta, il codice numerico che indica lo stato della risposta fornito dal server (buon fine, errore, ecc.) e altri parametri relativi al sistema operativo dell\u2019utente e all\u2019ambiente informatico dell\u2019utente. Questi dati vengono utilizzati al solo scopo di rilevare il corretto funzionamento del server.. I dati potrebbero essere utilizzati per stabilire la responsabilit\u00e0 in caso d\u2019ipotetici crimini informatici ai danni del sito.<\/p>\n<p><strong>COOKIE POLICY<\/strong><\/p>\n<p><strong>Premesse<\/strong><\/p>\n<p>Il presente avviso \u00e8 fornito da TERNINOX in relazione al sito <a href=\"https:\/\/www.terninox.it\">www.terninox.it<\/a><\/p>\n<p>Utilizziamo i cookies solo al fine di rendere il nostro sito pi\u00f9 semplice da utilizzare. I dati personali possono essere salvati nei cookies in singole pagine, se lo si \u00e8 espressamente accettato in precedenza, allo scopo di evitare di dover reinserire i dati di accesso. In linea di principio, \u00e8 possibile accedere a tutte le informazioni presenti sul nostro sito, anche nel caso in cui i cookies siano stati disattivati nel browser. Tuttavia, rifiutando l\u2019utilizzo dei cookies, le funzionalit\u00e0 potrebbero essere limitate.<\/p>\n<p><strong>Cos\u2019\u00e8 un cookie?<\/strong><\/p>\n<p>Un cookie \u00e8 una stringa di testo che un sito web invia al dispositivo (computer, dispositivo mobile, smartphone o tablet) dell\u2019utente che lo ha visitato. I cookies vengono salvati in tale dispositivo per essere poi essere ritrasmessi a tale sito in occasione di una visita successiva.<\/p>\n<p><strong>Tipologie di cookies<\/strong><\/p>\n<p>I cookies possono essere classificati:<\/p>\n<ul>\n<li>in base al soggetto che li installa, a seconda che si tratti dello stesso gestore del sito che l\u2019utente sta visitando (c.d. \u201ccookie di prima parte\u201d) o di un sito diverso, che installa i cookie tramite del primo sito (c.d. \u201ccookie di terze parti\u201d);<\/li>\n<li>in base alla finalit\u00e0 di ciascun cookie: alcuni cookie permettono una navigazione migliore, memorizzando alcune scelte dell\u2019utente, come la lingua utilizzata (c.d. \u201ccookie tecnici\/funzionali\u201d); altri cookie consentono di monitorare le scelte di navigazione dell\u2019utente, allo scopo di inviare materiale pubblicitario e\/o offrire servizi in linea con le preferenze manifestate dall\u2019utente stesso (c.d. \u201ccookie di profilazione\u201d).<\/li>\n<\/ul>\n<p><strong>Quali siti utilizziamo \/ Come esprimere il consenso<\/strong><\/p>\n<p>Il nostro sito utilizza cookies tecnici\/funzionali di prima parte, i quali non richiedono l\u2019autorizzazione dell\u2019utente per essere installati TERNINOX \u00e8 il titolare del trattamento dei dati in riferimento a tutti i cookies installati sul proprio sito-web. I cookies vengono trattati come dati personali in conformit\u00e0 alle disposizioni di cui al RGPD.<\/p>\n<p>In occasione di ogni visita al Sito, l\u2019utente pu\u00f2 accettare l\u2019utilizzo dei cookies cliccando su \u201cOK\u201d presente nel banner;.<\/p>\n<p>In qualsiasi momento, \u00e8 possibile disattivare parzialmente o completamente i cookies \u2013 specialmente nei casi in cui le terze parti non abbiano fornito la possibilit\u00e0 di \u201cOpt Out\u201d (contrassegnato con N\/A* nelle tabelle sottostanti), secondo la procedura descritta ai seguenti link:<\/p>\n<ul>\n<li><a href=\"https:\/\/support.google.com\/chrome\/answer\/95647?hl=it&amp;hlrm=it\">Chrome<\/a><\/li>\n<li><a href=\"https:\/\/support.microsoft.com\/it-it\/help\/196955\/how-to-set-and-customize-cookies-settings-in-internet-explorer-5\">Internet Explorer<\/a><\/li>\n<li><a href=\"https:\/\/support.mozilla.org\/it\/kb\/Gestione%20dei%20cookie\">Firefox<\/a><\/li>\n<li><a href=\"https:\/\/support.apple.com\/kb\/PH5049?locale=it_IT\">Safari<\/a><\/li>\n<\/ul>\n<p>oppure utilizzando i sistemi di supporto di opt-out forniti all\u2019indirizzo <a href=\"http:\/\/www.youronlinechoices.com\/\">www.youronlinechoices.com<\/a> (limitato a quei servizi elencati in tale piattaforma, cio\u00e8 per i servizi di profilazione pubblicitaria) o attraverso <a href=\"https:\/\/www.ghostery.com\/\">Ghostery<\/a>. Inoltre, accedendo alle impostazioni del browser, come indicato sopra, \u00e8 possibile eliminare i cookie gi\u00e0 installati nel computer.<\/p>\n<p><strong>Cookies tecnici\/funzionali<\/strong><\/p>\n<p>I cookies tecnici sono utilizzati per migliorare l\u2019esperienza di utilizzo del sito; essi garantiscono una sessione stabile e il login automatico. I cookies vengono utilizzati anche per memorizzare informazioni sull\u2019iterazione con gli elementi della pagina, ad esempio banner e pop up. Questo sito web prevede l\u2019installazione di cookies per un periodo non superiore ai 12 mesi, al fine di monitorare il consenso dell\u2019utente al loro stesso uso ed evitando di richiedere pi\u00f9 volte l\u2019autorizzazione.<\/p>\n<\/div><\/section><\/div>\n","protected":false},"excerpt":{"rendered":"","protected":false},"author":2,"featured_media":0,"parent":0,"menu_order":0,"comment_status":"closed","ping_status":"closed","template":"","meta":{"footnotes":""},"class_list":["post-7079","page","type-page","status-publish","hentry"],"yoast_head":"<!-- This site is optimized with the Yoast SEO plugin v26.7 - https:\/\/yoast.com\/wordpress\/plugins\/seo\/ -->\n<title>Note legali-condizioni di utilizzo del sito web - TERNINOX<\/title>\n<meta name=\"robots\" content=\"index, follow, max-snippet:-1, max-image-preview:large, max-video-preview:-1\" \/>\n<link rel=\"canonical\" href=\"https:\/\/www.terninox.it\/it\/note-legali-condizioni-utilizzo-sito-web\/\" \/>\n<meta property=\"og:locale\" content=\"it_IT\" \/>\n<meta property=\"og:type\" content=\"article\" \/>\n<meta property=\"og:title\" content=\"Note legali-condizioni di utilizzo del sito web - TERNINOX\" \/>\n<meta property=\"og:url\" content=\"https:\/\/www.terninox.it\/it\/note-legali-condizioni-utilizzo-sito-web\/\" \/>\n<meta property=\"og:site_name\" content=\"TERNINOX\" \/>\n<meta property=\"article:modified_time\" content=\"2018-09-25T14:37:36+00:00\" \/>\n<meta name=\"twitter:card\" content=\"summary_large_image\" \/>\n<meta name=\"twitter:label1\" content=\"Tempo di lettura stimato\" \/>\n\t<meta name=\"twitter:data1\" content=\"11 minuti\" \/>\n<script type=\"application\/ld+json\" class=\"yoast-schema-graph\">{\"@context\":\"https:\/\/schema.org\",\"@graph\":[{\"@type\":\"WebPage\",\"@id\":\"https:\/\/www.terninox.it\/it\/note-legali-condizioni-utilizzo-sito-web\/\",\"url\":\"https:\/\/www.terninox.it\/it\/note-legali-condizioni-utilizzo-sito-web\/\",\"name\":\"Note legali-condizioni di utilizzo del sito web - TERNINOX\",\"isPartOf\":{\"@id\":\"https:\/\/www.terninox.it\/#website\"},\"datePublished\":\"2017-05-04T10:42:25+00:00\",\"dateModified\":\"2018-09-25T14:37:36+00:00\",\"breadcrumb\":{\"@id\":\"https:\/\/www.terninox.it\/it\/note-legali-condizioni-utilizzo-sito-web\/#breadcrumb\"},\"inLanguage\":\"it-IT\",\"potentialAction\":[{\"@type\":\"ReadAction\",\"target\":[\"https:\/\/www.terninox.it\/it\/note-legali-condizioni-utilizzo-sito-web\/\"]}]},{\"@type\":\"BreadcrumbList\",\"@id\":\"https:\/\/www.terninox.it\/it\/note-legali-condizioni-utilizzo-sito-web\/#breadcrumb\",\"itemListElement\":[{\"@type\":\"ListItem\",\"position\":1,\"name\":\"Home\",\"item\":\"https:\/\/www.terninox.it\/it\/\"},{\"@type\":\"ListItem\",\"position\":2,\"name\":\"Note legali-condizioni di utilizzo del sito web\"}]},{\"@type\":\"WebSite\",\"@id\":\"https:\/\/www.terninox.it\/#website\",\"url\":\"https:\/\/www.terninox.it\/\",\"name\":\"TERNINOX\",\"description\":\"ITALY&#039;S LEADING SSSC\",\"potentialAction\":[{\"@type\":\"SearchAction\",\"target\":{\"@type\":\"EntryPoint\",\"urlTemplate\":\"https:\/\/www.terninox.it\/?s={search_term_string}\"},\"query-input\":{\"@type\":\"PropertyValueSpecification\",\"valueRequired\":true,\"valueName\":\"search_term_string\"}}],\"inLanguage\":\"it-IT\"}]}<\/script>\n<!-- \/ Yoast SEO plugin. -->","yoast_head_json":{"title":"Note legali-condizioni di utilizzo del sito web - TERNINOX","robots":{"index":"index","follow":"follow","max-snippet":"max-snippet:-1","max-image-preview":"max-image-preview:large","max-video-preview":"max-video-preview:-1"},"canonical":"https:\/\/www.terninox.it\/it\/note-legali-condizioni-utilizzo-sito-web\/","og_locale":"it_IT","og_type":"article","og_title":"Note legali-condizioni di utilizzo del sito web - TERNINOX","og_url":"https:\/\/www.terninox.it\/it\/note-legali-condizioni-utilizzo-sito-web\/","og_site_name":"TERNINOX","article_modified_time":"2018-09-25T14:37:36+00:00","twitter_card":"summary_large_image","twitter_misc":{"Tempo di lettura stimato":"11 minuti"},"schema":{"@context":"https:\/\/schema.org","@graph":[{"@type":"WebPage","@id":"https:\/\/www.terninox.it\/it\/note-legali-condizioni-utilizzo-sito-web\/","url":"https:\/\/www.terninox.it\/it\/note-legali-condizioni-utilizzo-sito-web\/","name":"Note legali-condizioni di utilizzo del sito web - TERNINOX","isPartOf":{"@id":"https:\/\/www.terninox.it\/#website"},"datePublished":"2017-05-04T10:42:25+00:00","dateModified":"2018-09-25T14:37:36+00:00","breadcrumb":{"@id":"https:\/\/www.terninox.it\/it\/note-legali-condizioni-utilizzo-sito-web\/#breadcrumb"},"inLanguage":"it-IT","potentialAction":[{"@type":"ReadAction","target":["https:\/\/www.terninox.it\/it\/note-legali-condizioni-utilizzo-sito-web\/"]}]},{"@type":"BreadcrumbList","@id":"https:\/\/www.terninox.it\/it\/note-legali-condizioni-utilizzo-sito-web\/#breadcrumb","itemListElement":[{"@type":"ListItem","position":1,"name":"Home","item":"https:\/\/www.terninox.it\/it\/"},{"@type":"ListItem","position":2,"name":"Note legali-condizioni di utilizzo del sito web"}]},{"@type":"WebSite","@id":"https:\/\/www.terninox.it\/#website","url":"https:\/\/www.terninox.it\/","name":"TERNINOX","description":"ITALY&#039;S LEADING SSSC","potentialAction":[{"@type":"SearchAction","target":{"@type":"EntryPoint","urlTemplate":"https:\/\/www.terninox.it\/?s={search_term_string}"},"query-input":{"@type":"PropertyValueSpecification","valueRequired":true,"valueName":"search_term_string"}}],"inLanguage":"it-IT"}]}},"_links":{"self":[{"href":"https:\/\/www.terninox.it\/it\/wp-json\/wp\/v2\/pages\/7079","targetHints":{"allow":["GET"]}}],"collection":[{"href":"https:\/\/www.terninox.it\/it\/wp-json\/wp\/v2\/pages"}],"about":[{"href":"https:\/\/www.terninox.it\/it\/wp-json\/wp\/v2\/types\/page"}],"author":[{"embeddable":true,"href":"https:\/\/www.terninox.it\/it\/wp-json\/wp\/v2\/users\/2"}],"replies":[{"embeddable":true,"href":"https:\/\/www.terninox.it\/it\/wp-json\/wp\/v2\/comments?post=7079"}],"version-history":[{"count":14,"href":"https:\/\/www.terninox.it\/it\/wp-json\/wp\/v2\/pages\/7079\/revisions"}],"predecessor-version":[{"id":13605,"href":"https:\/\/www.terninox.it\/it\/wp-json\/wp\/v2\/pages\/7079\/revisions\/13605"}],"wp:attachment":[{"href":"https:\/\/www.terninox.it\/it\/wp-json\/wp\/v2\/media?parent=7079"}],"curies":[{"name":"wp","href":"https:\/\/api.w.org\/{rel}","templated":true}]}}