{"id":14194,"date":"2024-01-26T09:13:25","date_gmt":"2024-01-26T08:13:25","guid":{"rendered":"https:\/\/www.terninox.it\/tutele-del-segnalante\/"},"modified":"2024-01-26T09:17:42","modified_gmt":"2024-01-26T08:17:42","slug":"tutele-del-segnalante","status":"publish","type":"page","link":"https:\/\/www.terninox.it\/it\/segnalazioni\/tutele-del-segnalante\/","title":{"rendered":"TUTELE DEL SEGNALANTE"},"content":{"rendered":"<section  class='av_textblock_section av-lrud7a02-6394025658b3e647284c62dc5ad1b88d '   itemscope=\"itemscope\" itemtype=\"https:\/\/schema.org\/CreativeWork\" ><div class='avia_textblock'  itemprop=\"text\" ><p><main class=\"template-page content  av-content-full alpha units\" role=\"main\"><\/p>\n<div class=\"post-entry post-entry-type-page post-entry-21073\">\n<div class=\"entry-content-wrapper clearfix\">\n<section class=\"av_textblock_section \">\n<div class=\"avia_textblock  \">\n<p><strong><u>TUTELA DEL SEGNALANTE<\/u><\/strong><\/p>\n<p><strong><u>A) PIATTAFORMA WEB<\/u><\/strong><\/p>\n<ul>\n<li><strong>Fornitore:<\/strong> Unione Fiduciaria S.p.A., una terza parte indipendente, che fornisce la piattaforma web, su dominio esterno, nella quale vengono inserite e conservate le segnalazioni, garantendo adeguata protezione e riservatezza.<\/li>\n<\/ul>\n<p>\u00c8 stata costituita nel 1958 da otto Banche Popolari. Nel corso dei decenni successivi, alle banche fondatrici si sono aggiunti e avvicendati altri soggetti bancari, a formare l\u2019attuale compagine sociale (20 banche popolari).<\/p>\n<ul>\n<li><strong>Policy \u201cno-log\u201d<\/strong>: l\u2019accesso alla piattaforma \u00e8 soggetto alla politica \u201cno-log\u201d al fine di impedire l\u2019identificazione del segnalante che intenda rimanere anonimo; ci\u00f2 significa che i sistemi informatici del fornitore ed aziendali non sono in grado di identificare il punto di accesso al portale anche nel caso in cui venisse effettuato da un dispositivo connesso alla rete aziendale.<\/li>\n<\/ul>\n<p><strong><u>B) SOGGETTI DESTINATARI DELLE SEGNALAZIONI (\u201cRESPONSABILI DELLE SEGNALAZIONI\u201d)<\/u><\/strong><\/p>\n<ul>\n<li><strong>Accesso alle informazioni<\/strong>: alle informazioni raccolte attraverso la piattaforma hanno accesso esclusivamente gli Organismi di Vigilanza delle Societ\u00e0 del Gruppo e il Compliance Officer del Gruppo.<\/li>\n<li><strong>Indipendenza<\/strong>: i soggetti sopra indicati riportano rispettivamente a: Consiglio di Amministrazione e Dott. Mario Carlo Arvedi Caldonazzo e sono pertanto indipendenti rispetto alla gestione operativa aziendale delle singole Societ\u00e0.<\/li>\n<\/ul>\n<p><strong><u>C) TUTELA DELL\u2019IDENTIT\u00c0 DEL SEGNALANTE<\/u><\/strong><\/p>\n<ul>\n<li><strong>Garanzia dell\u2019anonimato<\/strong>: il processo di segnalazione pu\u00f2 essere attivato e monitorato dal segnalante senza dichiarare la propria identit\u00e0. Questo avviene nella piattaforma web attraverso dei codici attribuiti automaticamente a ciascuna segnalazione.<\/li>\n<li><strong>Approfondimenti e dialogo con i soggetti destinatari delle segnalazioni (\u201cResponsabili delle segnalazioni\u201d)<\/strong>: i) attraverso la piattaforma \u00e8 possibile, sempre in modalit\u00e0 anonima, inviare e ricevere comunicazioni con i responsabili; ii) attraverso e-mail ai responsabili \u00e8 possibile anche richiedere incontri di persona, che saranno sempre svolti, tutelando l\u2019anonimato rispetto agli altri soggetti della gestione operativa aziendale nelle singole Societ\u00e0.<\/li>\n<li><strong>Conduzione delle indagini<\/strong>: durante le varie fasi dell\u2019indagine, i responsabili garantiranno al segnalante il non coinvolgimento diretto o indiretto nelle verifiche.<\/li>\n<\/ul>\n<\/div>\n<\/section>\n<\/div>\n<\/div>\n<p><\/main><\/p>\n<\/div><\/section>\n","protected":false},"excerpt":{"rendered":"","protected":false},"author":1,"featured_media":0,"parent":14202,"menu_order":0,"comment_status":"closed","ping_status":"closed","template":"","meta":{"footnotes":""},"class_list":["post-14194","page","type-page","status-publish","hentry"],"yoast_head":"<!-- This site is optimized with the Yoast SEO plugin v26.7 - https:\/\/yoast.com\/wordpress\/plugins\/seo\/ -->\n<title>TUTELE DEL SEGNALANTE - TERNINOX<\/title>\n<meta name=\"robots\" content=\"index, follow, max-snippet:-1, max-image-preview:large, max-video-preview:-1\" \/>\n<link rel=\"canonical\" href=\"https:\/\/www.terninox.it\/it\/segnalazioni\/tutele-del-segnalante\/\" \/>\n<meta property=\"og:locale\" content=\"it_IT\" \/>\n<meta property=\"og:type\" content=\"article\" \/>\n<meta property=\"og:title\" content=\"TUTELE DEL SEGNALANTE - TERNINOX\" \/>\n<meta property=\"og:url\" content=\"https:\/\/www.terninox.it\/it\/segnalazioni\/tutele-del-segnalante\/\" \/>\n<meta property=\"og:site_name\" content=\"TERNINOX\" \/>\n<meta property=\"article:modified_time\" content=\"2024-01-26T08:17:42+00:00\" \/>\n<meta name=\"twitter:card\" content=\"summary_large_image\" \/>\n<meta name=\"twitter:label1\" content=\"Tempo di lettura stimato\" \/>\n\t<meta name=\"twitter:data1\" content=\"2 minuti\" \/>\n<script type=\"application\/ld+json\" class=\"yoast-schema-graph\">{\"@context\":\"https:\/\/schema.org\",\"@graph\":[{\"@type\":\"WebPage\",\"@id\":\"https:\/\/www.terninox.it\/it\/segnalazioni\/tutele-del-segnalante\/\",\"url\":\"https:\/\/www.terninox.it\/it\/segnalazioni\/tutele-del-segnalante\/\",\"name\":\"TUTELE DEL SEGNALANTE - TERNINOX\",\"isPartOf\":{\"@id\":\"https:\/\/www.terninox.it\/#website\"},\"datePublished\":\"2024-01-26T08:13:25+00:00\",\"dateModified\":\"2024-01-26T08:17:42+00:00\",\"breadcrumb\":{\"@id\":\"https:\/\/www.terninox.it\/it\/segnalazioni\/tutele-del-segnalante\/#breadcrumb\"},\"inLanguage\":\"it-IT\",\"potentialAction\":[{\"@type\":\"ReadAction\",\"target\":[\"https:\/\/www.terninox.it\/it\/segnalazioni\/tutele-del-segnalante\/\"]}]},{\"@type\":\"BreadcrumbList\",\"@id\":\"https:\/\/www.terninox.it\/it\/segnalazioni\/tutele-del-segnalante\/#breadcrumb\",\"itemListElement\":[{\"@type\":\"ListItem\",\"position\":1,\"name\":\"Home\",\"item\":\"https:\/\/www.terninox.it\/it\/\"},{\"@type\":\"ListItem\",\"position\":2,\"name\":\"SEGNALAZIONI\",\"item\":\"https:\/\/www.terninox.it\/it\/segnalazioni\/\"},{\"@type\":\"ListItem\",\"position\":3,\"name\":\"TUTELE DEL SEGNALANTE\"}]},{\"@type\":\"WebSite\",\"@id\":\"https:\/\/www.terninox.it\/#website\",\"url\":\"https:\/\/www.terninox.it\/\",\"name\":\"TERNINOX\",\"description\":\"ITALY&#039;S LEADING SSSC\",\"potentialAction\":[{\"@type\":\"SearchAction\",\"target\":{\"@type\":\"EntryPoint\",\"urlTemplate\":\"https:\/\/www.terninox.it\/?s={search_term_string}\"},\"query-input\":{\"@type\":\"PropertyValueSpecification\",\"valueRequired\":true,\"valueName\":\"search_term_string\"}}],\"inLanguage\":\"it-IT\"}]}<\/script>\n<!-- \/ Yoast SEO plugin. -->","yoast_head_json":{"title":"TUTELE DEL SEGNALANTE - TERNINOX","robots":{"index":"index","follow":"follow","max-snippet":"max-snippet:-1","max-image-preview":"max-image-preview:large","max-video-preview":"max-video-preview:-1"},"canonical":"https:\/\/www.terninox.it\/it\/segnalazioni\/tutele-del-segnalante\/","og_locale":"it_IT","og_type":"article","og_title":"TUTELE DEL SEGNALANTE - TERNINOX","og_url":"https:\/\/www.terninox.it\/it\/segnalazioni\/tutele-del-segnalante\/","og_site_name":"TERNINOX","article_modified_time":"2024-01-26T08:17:42+00:00","twitter_card":"summary_large_image","twitter_misc":{"Tempo di lettura stimato":"2 minuti"},"schema":{"@context":"https:\/\/schema.org","@graph":[{"@type":"WebPage","@id":"https:\/\/www.terninox.it\/it\/segnalazioni\/tutele-del-segnalante\/","url":"https:\/\/www.terninox.it\/it\/segnalazioni\/tutele-del-segnalante\/","name":"TUTELE DEL SEGNALANTE - TERNINOX","isPartOf":{"@id":"https:\/\/www.terninox.it\/#website"},"datePublished":"2024-01-26T08:13:25+00:00","dateModified":"2024-01-26T08:17:42+00:00","breadcrumb":{"@id":"https:\/\/www.terninox.it\/it\/segnalazioni\/tutele-del-segnalante\/#breadcrumb"},"inLanguage":"it-IT","potentialAction":[{"@type":"ReadAction","target":["https:\/\/www.terninox.it\/it\/segnalazioni\/tutele-del-segnalante\/"]}]},{"@type":"BreadcrumbList","@id":"https:\/\/www.terninox.it\/it\/segnalazioni\/tutele-del-segnalante\/#breadcrumb","itemListElement":[{"@type":"ListItem","position":1,"name":"Home","item":"https:\/\/www.terninox.it\/it\/"},{"@type":"ListItem","position":2,"name":"SEGNALAZIONI","item":"https:\/\/www.terninox.it\/it\/segnalazioni\/"},{"@type":"ListItem","position":3,"name":"TUTELE DEL SEGNALANTE"}]},{"@type":"WebSite","@id":"https:\/\/www.terninox.it\/#website","url":"https:\/\/www.terninox.it\/","name":"TERNINOX","description":"ITALY&#039;S LEADING SSSC","potentialAction":[{"@type":"SearchAction","target":{"@type":"EntryPoint","urlTemplate":"https:\/\/www.terninox.it\/?s={search_term_string}"},"query-input":{"@type":"PropertyValueSpecification","valueRequired":true,"valueName":"search_term_string"}}],"inLanguage":"it-IT"}]}},"_links":{"self":[{"href":"https:\/\/www.terninox.it\/it\/wp-json\/wp\/v2\/pages\/14194","targetHints":{"allow":["GET"]}}],"collection":[{"href":"https:\/\/www.terninox.it\/it\/wp-json\/wp\/v2\/pages"}],"about":[{"href":"https:\/\/www.terninox.it\/it\/wp-json\/wp\/v2\/types\/page"}],"author":[{"embeddable":true,"href":"https:\/\/www.terninox.it\/it\/wp-json\/wp\/v2\/users\/1"}],"replies":[{"embeddable":true,"href":"https:\/\/www.terninox.it\/it\/wp-json\/wp\/v2\/comments?post=14194"}],"version-history":[{"count":2,"href":"https:\/\/www.terninox.it\/it\/wp-json\/wp\/v2\/pages\/14194\/revisions"}],"predecessor-version":[{"id":14196,"href":"https:\/\/www.terninox.it\/it\/wp-json\/wp\/v2\/pages\/14194\/revisions\/14196"}],"up":[{"embeddable":true,"href":"https:\/\/www.terninox.it\/it\/wp-json\/wp\/v2\/pages\/14202"}],"wp:attachment":[{"href":"https:\/\/www.terninox.it\/it\/wp-json\/wp\/v2\/media?parent=14194"}],"curies":[{"name":"wp","href":"https:\/\/api.w.org\/{rel}","templated":true}]}}