{"id":12278,"date":"2019-09-02T23:31:46","date_gmt":"2019-09-02T21:31:46","guid":{"rendered":"https:\/\/www.terninox.it\/?page_id=12278"},"modified":"2020-09-14T11:45:04","modified_gmt":"2020-09-14T09:45:04","slug":"ascensori","status":"publish","type":"page","link":"https:\/\/www.terninox.it\/it\/ascensori\/","title":{"rendered":"ASCENSORI"},"content":{"rendered":"<div id='layer_slider_1'  class='avia-layerslider main_color avia-shadow  avia-builder-el-0  el_before_av_one_third  avia-builder-el-first  container_wrap sidebar_right'  style='height: 351px;'  ><\/div><div id='after_layer_slider_1'  class='main_color av_default_container_wrap container_wrap sidebar_right'  ><div class='container av-section-cont-open' ><div class='template-page content  av-content-small alpha units'><div class='post-entry post-entry-type-page post-entry-12278'><div class='entry-content-wrapper clearfix'>\n\n<style type=\"text\/css\" data-created_by=\"avia_inline_auto\" id=\"style-css-av-z8mp8s-fb39ce1d4da14de29671c06fdcbddc50\">\n.flex_column.av-z8mp8s-fb39ce1d4da14de29671c06fdcbddc50{\nborder-radius:0px 0px 0px 0px;\npadding:0px 0px 0px 0px;\n}\n<\/style>\n<div  class='flex_column av-z8mp8s-fb39ce1d4da14de29671c06fdcbddc50 av_one_third  avia-builder-el-1  el_after_av_layerslider  el_before_av_one_third  avia-builder-el-first  first flex_column_div av-zero-column-padding  '     ><p>\n<style type=\"text\/css\" data-created_by=\"avia_inline_auto\" id=\"style-css-av-k6v1e57t-5dc4fd48c43a9a0446debf30d5853e55\">\n#top .av-special-heading.av-k6v1e57t-5dc4fd48c43a9a0446debf30d5853e55{\npadding-bottom:10px;\ncolor:#2d5c88;\nfont-size:24px;\n}\nbody .av-special-heading.av-k6v1e57t-5dc4fd48c43a9a0446debf30d5853e55 .av-special-heading-tag .heading-char{\nfont-size:25px;\n}\n#top #wrap_all .av-special-heading.av-k6v1e57t-5dc4fd48c43a9a0446debf30d5853e55 .av-special-heading-tag{\nfont-size:24px;\n}\n.av-special-heading.av-k6v1e57t-5dc4fd48c43a9a0446debf30d5853e55 .special-heading-inner-border{\nborder-color:#2d5c88;\n}\n.av-special-heading.av-k6v1e57t-5dc4fd48c43a9a0446debf30d5853e55 .av-subheading{\nfont-size:18px;\n}\n\n@media only screen and (min-width: 480px) and (max-width: 767px){ \n#top #wrap_all .av-special-heading.av-k6v1e57t-5dc4fd48c43a9a0446debf30d5853e55 .av-special-heading-tag{\nfont-size:0.8em;\n}\n}\n\n@media only screen and (max-width: 479px){ \n#top #wrap_all .av-special-heading.av-k6v1e57t-5dc4fd48c43a9a0446debf30d5853e55 .av-special-heading-tag{\nfont-size:0.8em;\n}\n}\n<\/style>\n<div  class='av-special-heading av-k6v1e57t-5dc4fd48c43a9a0446debf30d5853e55 av-special-heading-h1 custom-color-heading blockquote modern-quote  avia-builder-el-2  el_before_av_textblock  avia-builder-el-first  av-thin-font av-inherit-size'><h1 class='av-special-heading-tag '  itemprop=\"headline\"  ><strong>SERVIZI<\/strong><\/h1><div class=\"special-heading-border\"><div class=\"special-heading-inner-border\"><\/div><\/div><\/div><br \/>\n<section  class='av_textblock_section av-k02jqfv9-1c1ff53e8596cb5e3f491fbe57dcc1ec '   itemscope=\"itemscope\" itemtype=\"https:\/\/schema.org\/CreativeWork\" ><div class='avia_textblock'  itemprop=\"text\" ><ul>\n<li>Esperti e competenti in applicazioni e produzione di ascensori con particolare attenzione all&#8217;estetica<\/li>\n<li>Specializzati sul grado 441, prodotto impegnativo ma strategico per questo mercato.<\/li>\n<li>Gamma di finiture decorate<\/li>\n<li>Equipaggiati per supportare gli operatori globali<\/li>\n<li>Soluzioni Kanban o Conto Deposito<\/li>\n<li>Supporto pre e post-vendita, metodologia 8D di gestione dei reclami<\/li>\n<li>Organizzazione strutturata per la gestione di contratti a lungo termine<\/li>\n<\/ul>\n<\/div><\/section><\/p><\/div>\n\n<style type=\"text\/css\" data-created_by=\"avia_inline_auto\" id=\"style-css-av-z8mp8s-0053a882e76dd6214df5d2bf9ab023fc\">\n.flex_column.av-z8mp8s-0053a882e76dd6214df5d2bf9ab023fc{\nborder-radius:0px 0px 0px 0px;\npadding:0px 0px 0px 0px;\n}\n<\/style>\n<div  class='flex_column av-z8mp8s-0053a882e76dd6214df5d2bf9ab023fc av_one_third  avia-builder-el-4  el_after_av_one_third  el_before_av_one_third  flex_column_div av-zero-column-padding  '     ><p>\n<style type=\"text\/css\" data-created_by=\"avia_inline_auto\" id=\"style-css-av-av_heading-b9bd2a6cf2cf63ce9428784c1db36b3d\">\n#top .av-special-heading.av-av_heading-b9bd2a6cf2cf63ce9428784c1db36b3d{\npadding-bottom:10px;\ncolor:#2d5c88;\nfont-size:24px;\n}\nbody .av-special-heading.av-av_heading-b9bd2a6cf2cf63ce9428784c1db36b3d .av-special-heading-tag .heading-char{\nfont-size:25px;\n}\n#top #wrap_all .av-special-heading.av-av_heading-b9bd2a6cf2cf63ce9428784c1db36b3d .av-special-heading-tag{\nfont-size:24px;\n}\n.av-special-heading.av-av_heading-b9bd2a6cf2cf63ce9428784c1db36b3d .special-heading-inner-border{\nborder-color:#2d5c88;\n}\n.av-special-heading.av-av_heading-b9bd2a6cf2cf63ce9428784c1db36b3d .av-subheading{\nfont-size:18px;\n}\n\n@media only screen and (min-width: 480px) and (max-width: 767px){ \n#top #wrap_all .av-special-heading.av-av_heading-b9bd2a6cf2cf63ce9428784c1db36b3d .av-special-heading-tag{\nfont-size:0.8em;\n}\n}\n\n@media only screen and (max-width: 479px){ \n#top #wrap_all .av-special-heading.av-av_heading-b9bd2a6cf2cf63ce9428784c1db36b3d .av-special-heading-tag{\nfont-size:0.8em;\n}\n}\n<\/style>\n<div  class='av-special-heading av-av_heading-b9bd2a6cf2cf63ce9428784c1db36b3d av-special-heading-h1 custom-color-heading blockquote modern-quote  avia-builder-el-5  el_before_av_textblock  avia-builder-el-first  av-thin-font av-inherit-size'><h1 class='av-special-heading-tag '  itemprop=\"headline\"  ><strong>BENEFITS<\/strong><\/h1><div class=\"special-heading-border\"><div class=\"special-heading-inner-border\"><\/div><\/div><\/div><br \/>\n<section  class='av_textblock_section av-k02jqfv9-1c1ff53e8596cb5e3f491fbe57dcc1ec '   itemscope=\"itemscope\" itemtype=\"https:\/\/schema.org\/CreativeWork\" ><div class='avia_textblock'  itemprop=\"text\" ><ul>\n<li>Qualit\u00e0 costante e alti livelli estetici<\/li>\n<li>Capacit\u00e0 di fornire ai siti prescelti, ma anche a stabilimenti o luoghi diversi, soddisfacendo i pi\u00f9 alti requisiti di puntualit\u00e0<\/li>\n<li>Supporto per definire i lotti e i formati ottimali per mantenere sotto controllo la movimentazione e i costi logistici e ottimizzare l&#8217;impiego di capitale<\/li>\n<li>Stabilit\u00e0 nella pianificazione di bilancio grazie a prezzi fissi (Hedging) per gli accordi a lungo termine<\/li>\n<\/ul>\n<\/div><\/section><\/p><\/div>\n<style type=\"text\/css\" data-created_by=\"avia_inline_auto\" id=\"style-css-av-v7psmu-c75465a6b5700c89224b94a082b0a024\">\n.flex_column.av-v7psmu-c75465a6b5700c89224b94a082b0a024{\nborder-radius:0px 0px 0px 0px;\npadding:0px 0px 0px 0px;\n}\n<\/style>\n<div  class='flex_column av-v7psmu-c75465a6b5700c89224b94a082b0a024 av_one_third  avia-builder-el-7  el_after_av_one_third  el_before_av_section  avia-builder-el-last  flex_column_div av-zero-column-padding  '     ><style type=\"text\/css\" data-created_by=\"avia_inline_auto\" id=\"style-css-av-k0dwp6jd-bd4e0998840ec19cdd5f401379610c26\">\n#top .avia-gallery.av-k0dwp6jd-bd4e0998840ec19cdd5f401379610c26 .avia-gallery-thumb a{\nwidth:25%;\n}\n<\/style>\n<div  class='avia-gallery av-k0dwp6jd-bd4e0998840ec19cdd5f401379610c26 avia_animate_when_visible  avia-builder-el-8  avia-builder-el-no-sibling  avia_lazyload av-slideshow-ui av-loop-manual-endless av-control-hidden av-navigate-arrows av-navigate-dots hover-effect av-control-hidden avia-gallery-animate avia-gallery-1'  itemprop=\"image\" itemscope=\"itemscope\" itemtype=\"https:\/\/schema.org\/ImageObject\" ><meta itemprop=\"contentURL\" content=\"https:\/\/www.terninox.it\/it\/ascensori\/\"><div class='avia-gallery-big-wrapper'><a class='avia-gallery-big fakeLightbox lightbox avia-gallery-big-crop-thumb ' href=\"https:\/\/www.terninox.it\/wp-content\/uploads\/2019\/09\/elevators_01.jpg\" data-srcset=\"https:\/\/www.terninox.it\/wp-content\/uploads\/2019\/09\/elevators_01.jpg 450w, https:\/\/www.terninox.it\/wp-content\/uploads\/2019\/09\/elevators_01-300x200.jpg 300w\" data-sizes=\"(max-width: 450px) 100vw, 450px\"  data-onclick='1' title='elevators_01' ><span class='avia-gallery-big-inner'  itemprop=\"thumbnailUrl\" ><img decoding=\"async\" fetchpriority=\"high\" class=\"wp-image-12654 avia-img-lazy-loading-not-12654\"  width=\"450\" height=\"300\" src=\"https:\/\/www.terninox.it\/wp-content\/uploads\/2019\/09\/elevators_01.jpg\" title='elevators_01' alt='' srcset=\"https:\/\/www.terninox.it\/wp-content\/uploads\/2019\/09\/elevators_01.jpg 450w, https:\/\/www.terninox.it\/wp-content\/uploads\/2019\/09\/elevators_01-300x200.jpg 300w\" sizes=\"(max-width: 450px) 100vw, 450px\" \/><\/span><\/a><\/div><div class='avia-gallery-thumb'><a href=\"https:\/\/www.terninox.it\/wp-content\/uploads\/2019\/09\/elevators_01.jpg\" data-srcset=\"https:\/\/www.terninox.it\/wp-content\/uploads\/2019\/09\/elevators_01.jpg 450w, https:\/\/www.terninox.it\/wp-content\/uploads\/2019\/09\/elevators_01-300x200.jpg 300w\" data-sizes=\"(max-width: 450px) 100vw, 450px\" data-rel='gallery-1' data-prev-img='https:\/\/www.terninox.it\/wp-content\/uploads\/2019\/09\/elevators_01.jpg' class='first_thumb lightbox ' data-onclick='1' title='elevators_01'  itemprop=\"thumbnailUrl\"  ><img decoding=\"async\" fetchpriority=\"high\" class=\"wp-image-12654 avia-img-lazy-loading-not-12654\"   src=\"https:\/\/www.terninox.it\/wp-content\/uploads\/2019\/09\/elevators_01.jpg\" width=\"450\" height=\"300\"  title='elevators_01' alt='' srcset=\"https:\/\/www.terninox.it\/wp-content\/uploads\/2019\/09\/elevators_01.jpg 450w, https:\/\/www.terninox.it\/wp-content\/uploads\/2019\/09\/elevators_01-300x200.jpg 300w\" sizes=\"(max-width: 450px) 100vw, 450px\" \/><div class='big-prev-fake'><img decoding=\"async\" loading=\"lazy\" class=\"wp-image-12654 avia-img-lazy-loading-12654\"  width=\"450\" height=\"300\" src=\"https:\/\/www.terninox.it\/wp-content\/uploads\/2019\/09\/elevators_01.jpg\" title='elevators_01' alt='' srcset=\"https:\/\/www.terninox.it\/wp-content\/uploads\/2019\/09\/elevators_01.jpg 450w, https:\/\/www.terninox.it\/wp-content\/uploads\/2019\/09\/elevators_01-300x200.jpg 300w\" sizes=\"auto, (max-width: 450px) 100vw, 450px\" \/><\/div><\/a><a href=\"https:\/\/www.terninox.it\/wp-content\/uploads\/2019\/09\/elevators_03.jpg\" data-srcset=\"https:\/\/www.terninox.it\/wp-content\/uploads\/2019\/09\/elevators_03.jpg 450w, https:\/\/www.terninox.it\/wp-content\/uploads\/2019\/09\/elevators_03-300x200.jpg 300w\" data-sizes=\"(max-width: 450px) 100vw, 450px\" data-rel='gallery-1' data-prev-img='https:\/\/www.terninox.it\/wp-content\/uploads\/2019\/09\/elevators_03.jpg' class='lightbox ' data-onclick='2' title='elevators_03'  itemprop=\"thumbnailUrl\"  ><img decoding=\"async\" fetchpriority=\"high\" class=\"wp-image-12658 avia-img-lazy-loading-not-12658\"   src=\"https:\/\/www.terninox.it\/wp-content\/uploads\/2019\/09\/elevators_03.jpg\" width=\"450\" height=\"300\"  title='elevators_03' alt='' srcset=\"https:\/\/www.terninox.it\/wp-content\/uploads\/2019\/09\/elevators_03.jpg 450w, https:\/\/www.terninox.it\/wp-content\/uploads\/2019\/09\/elevators_03-300x200.jpg 300w\" sizes=\"(max-width: 450px) 100vw, 450px\" \/><div class='big-prev-fake'><img decoding=\"async\" loading=\"lazy\" class=\"wp-image-12658 avia-img-lazy-loading-12658\"  width=\"450\" height=\"300\" src=\"https:\/\/www.terninox.it\/wp-content\/uploads\/2019\/09\/elevators_03.jpg\" title='elevators_03' alt='' srcset=\"https:\/\/www.terninox.it\/wp-content\/uploads\/2019\/09\/elevators_03.jpg 450w, https:\/\/www.terninox.it\/wp-content\/uploads\/2019\/09\/elevators_03-300x200.jpg 300w\" sizes=\"auto, (max-width: 450px) 100vw, 450px\" \/><\/div><\/a><a href=\"https:\/\/www.terninox.it\/wp-content\/uploads\/2019\/09\/elevators_04.jpg\" data-srcset=\"https:\/\/www.terninox.it\/wp-content\/uploads\/2019\/09\/elevators_04.jpg 450w, https:\/\/www.terninox.it\/wp-content\/uploads\/2019\/09\/elevators_04-300x200.jpg 300w\" data-sizes=\"(max-width: 450px) 100vw, 450px\" data-rel='gallery-1' data-prev-img='https:\/\/www.terninox.it\/wp-content\/uploads\/2019\/09\/elevators_04.jpg' class='lightbox ' data-onclick='3' title='elevators_04'  itemprop=\"thumbnailUrl\"  ><img decoding=\"async\" fetchpriority=\"high\" class=\"wp-image-12656 avia-img-lazy-loading-not-12656\"   src=\"https:\/\/www.terninox.it\/wp-content\/uploads\/2019\/09\/elevators_04.jpg\" width=\"450\" height=\"300\"  title='elevators_04' alt='' srcset=\"https:\/\/www.terninox.it\/wp-content\/uploads\/2019\/09\/elevators_04.jpg 450w, https:\/\/www.terninox.it\/wp-content\/uploads\/2019\/09\/elevators_04-300x200.jpg 300w\" sizes=\"(max-width: 450px) 100vw, 450px\" \/><div class='big-prev-fake'><img decoding=\"async\" loading=\"lazy\" class=\"wp-image-12656 avia-img-lazy-loading-12656\"  width=\"450\" height=\"300\" src=\"https:\/\/www.terninox.it\/wp-content\/uploads\/2019\/09\/elevators_04.jpg\" title='elevators_04' alt='' srcset=\"https:\/\/www.terninox.it\/wp-content\/uploads\/2019\/09\/elevators_04.jpg 450w, https:\/\/www.terninox.it\/wp-content\/uploads\/2019\/09\/elevators_04-300x200.jpg 300w\" sizes=\"auto, (max-width: 450px) 100vw, 450px\" \/><\/div><\/a><a href=\"https:\/\/www.terninox.it\/wp-content\/uploads\/2019\/09\/elevators_02.jpg\" data-srcset=\"https:\/\/www.terninox.it\/wp-content\/uploads\/2019\/09\/elevators_02.jpg 450w, https:\/\/www.terninox.it\/wp-content\/uploads\/2019\/09\/elevators_02-300x200.jpg 300w\" data-sizes=\"(max-width: 450px) 100vw, 450px\" data-rel='gallery-1' data-prev-img='https:\/\/www.terninox.it\/wp-content\/uploads\/2019\/09\/elevators_02.jpg' class='lightbox ' data-onclick='4' title='elevators_02'  itemprop=\"thumbnailUrl\"  ><img decoding=\"async\" fetchpriority=\"high\" class=\"wp-image-12665 avia-img-lazy-loading-not-12665\"   src=\"https:\/\/www.terninox.it\/wp-content\/uploads\/2019\/09\/elevators_02.jpg\" width=\"450\" height=\"300\"  title='elevators_02' alt='' srcset=\"https:\/\/www.terninox.it\/wp-content\/uploads\/2019\/09\/elevators_02.jpg 450w, https:\/\/www.terninox.it\/wp-content\/uploads\/2019\/09\/elevators_02-300x200.jpg 300w\" sizes=\"(max-width: 450px) 100vw, 450px\" \/><div class='big-prev-fake'><img decoding=\"async\" loading=\"lazy\" class=\"wp-image-12665 avia-img-lazy-loading-12665\"  width=\"450\" height=\"300\" src=\"https:\/\/www.terninox.it\/wp-content\/uploads\/2019\/09\/elevators_02.jpg\" title='elevators_02' alt='' srcset=\"https:\/\/www.terninox.it\/wp-content\/uploads\/2019\/09\/elevators_02.jpg 450w, https:\/\/www.terninox.it\/wp-content\/uploads\/2019\/09\/elevators_02-300x200.jpg 300w\" sizes=\"auto, (max-width: 450px) 100vw, 450px\" \/><\/div><\/a><\/div><\/div><\/div><\/p>\n<\/div><\/div><\/div><!-- close content main div --><\/div><\/div>\n<style type=\"text\/css\" data-created_by=\"avia_inline_auto\" id=\"style-css-av-k02x4my3-c00919ee5cc59cb3ac5aa66f7188853d\">\n.avia-section.av-k02x4my3-c00919ee5cc59cb3ac5aa66f7188853d .av-parallax .av-parallax-inner{\nbackground-repeat:no-repeat;\nbackground-image:url(https:\/\/www.terninox.it\/wp-content\/uploads\/2017\/01\/costruzioni_15.jpg);\nbackground-position:50% 50%;\nbackground-attachment:scroll;\n}\n<\/style>\n<div id='av_section_1'  class='avia-section av-k02x4my3-c00919ee5cc59cb3ac5aa66f7188853d main_color avia-section-default avia-no-border-styling  avia-builder-el-9  el_after_av_one_third  avia-builder-el-last  av-parallax-section avia-bg-style-parallax av-minimum-height av-minimum-height-custom av-height-custom  container_wrap sidebar_right'  data-section-bg-repeat='no-repeat' data-av_minimum_height_px='800'><div class='av-parallax' data-avia-parallax-ratio='0.3' ><div class='av-parallax-inner main_color avia-full-stretch'><\/div><\/div><div class='container av-section-cont-open' style='height:800px'><div class='template-page content  av-content-small alpha units'><div class='post-entry post-entry-type-page post-entry-12278'><div class='entry-content-wrapper clearfix'><\/div><\/div><\/div><!-- close content main div --><\/div><\/div><div id='after_section_1'  class='main_color av_default_container_wrap container_wrap sidebar_right'  ><div class='container av-section-cont-open' ><div class='template-page content  av-content-small alpha units'><div class='post-entry post-entry-type-page post-entry-12278'><div class='entry-content-wrapper clearfix'>\n","protected":false},"excerpt":{"rendered":"","protected":false},"author":1,"featured_media":0,"parent":0,"menu_order":0,"comment_status":"closed","ping_status":"closed","template":"","meta":{"footnotes":""},"class_list":["post-12278","page","type-page","status-publish","hentry"],"yoast_head":"<!-- This site is optimized with the Yoast SEO plugin v26.7 - https:\/\/yoast.com\/wordpress\/plugins\/seo\/ -->\n<title>TERNINOX settori di impego: ampia gamma di fiiture per Ascensori<\/title>\n<meta name=\"description\" content=\"Specializzati sul grado 441 e su una vasta gamma di finiture decorate. Supportiamo gli operatori globali Soluzioni Kanban o Conto Deposito.\" \/>\n<meta name=\"robots\" content=\"index, follow, max-snippet:-1, max-image-preview:large, max-video-preview:-1\" \/>\n<link rel=\"canonical\" href=\"https:\/\/www.terninox.it\/it\/ascensori\/\" \/>\n<meta property=\"og:locale\" content=\"it_IT\" \/>\n<meta property=\"og:type\" content=\"article\" \/>\n<meta property=\"og:title\" content=\"TERNINOX settori di impego: ampia gamma di fiiture per Ascensori\" \/>\n<meta property=\"og:description\" content=\"Specializzati sul grado 441 e su una vasta gamma di finiture decorate. Supportiamo gli operatori globali Soluzioni Kanban o Conto Deposito.\" \/>\n<meta property=\"og:url\" content=\"https:\/\/www.terninox.it\/it\/ascensori\/\" \/>\n<meta property=\"og:site_name\" content=\"TERNINOX\" \/>\n<meta property=\"article:modified_time\" content=\"2020-09-14T09:45:04+00:00\" \/>\n<meta name=\"twitter:card\" content=\"summary_large_image\" \/>\n<meta name=\"twitter:label1\" content=\"Tempo di lettura stimato\" \/>\n\t<meta name=\"twitter:data1\" content=\"4 minuti\" \/>\n<script type=\"application\/ld+json\" class=\"yoast-schema-graph\">{\"@context\":\"https:\/\/schema.org\",\"@graph\":[{\"@type\":\"WebPage\",\"@id\":\"https:\/\/www.terninox.it\/it\/ascensori\/\",\"url\":\"https:\/\/www.terninox.it\/it\/ascensori\/\",\"name\":\"TERNINOX settori di impego: ampia gamma di fiiture per Ascensori\",\"isPartOf\":{\"@id\":\"https:\/\/www.terninox.it\/#website\"},\"datePublished\":\"2019-09-02T21:31:46+00:00\",\"dateModified\":\"2020-09-14T09:45:04+00:00\",\"description\":\"Specializzati sul grado 441 e su una vasta gamma di finiture decorate. Supportiamo gli operatori globali Soluzioni Kanban o Conto Deposito.\",\"breadcrumb\":{\"@id\":\"https:\/\/www.terninox.it\/it\/ascensori\/#breadcrumb\"},\"inLanguage\":\"it-IT\",\"potentialAction\":[{\"@type\":\"ReadAction\",\"target\":[\"https:\/\/www.terninox.it\/it\/ascensori\/\"]}]},{\"@type\":\"BreadcrumbList\",\"@id\":\"https:\/\/www.terninox.it\/it\/ascensori\/#breadcrumb\",\"itemListElement\":[{\"@type\":\"ListItem\",\"position\":1,\"name\":\"Home\",\"item\":\"https:\/\/www.terninox.it\/it\/\"},{\"@type\":\"ListItem\",\"position\":2,\"name\":\"ASCENSORI\"}]},{\"@type\":\"WebSite\",\"@id\":\"https:\/\/www.terninox.it\/#website\",\"url\":\"https:\/\/www.terninox.it\/\",\"name\":\"TERNINOX\",\"description\":\"ITALY&#039;S LEADING SSSC\",\"potentialAction\":[{\"@type\":\"SearchAction\",\"target\":{\"@type\":\"EntryPoint\",\"urlTemplate\":\"https:\/\/www.terninox.it\/?s={search_term_string}\"},\"query-input\":{\"@type\":\"PropertyValueSpecification\",\"valueRequired\":true,\"valueName\":\"search_term_string\"}}],\"inLanguage\":\"it-IT\"}]}<\/script>\n<!-- \/ Yoast SEO plugin. -->","yoast_head_json":{"title":"TERNINOX settori di impego: ampia gamma di fiiture per Ascensori","description":"Specializzati sul grado 441 e su una vasta gamma di finiture decorate. Supportiamo gli operatori globali Soluzioni Kanban o Conto Deposito.","robots":{"index":"index","follow":"follow","max-snippet":"max-snippet:-1","max-image-preview":"max-image-preview:large","max-video-preview":"max-video-preview:-1"},"canonical":"https:\/\/www.terninox.it\/it\/ascensori\/","og_locale":"it_IT","og_type":"article","og_title":"TERNINOX settori di impego: ampia gamma di fiiture per Ascensori","og_description":"Specializzati sul grado 441 e su una vasta gamma di finiture decorate. Supportiamo gli operatori globali Soluzioni Kanban o Conto Deposito.","og_url":"https:\/\/www.terninox.it\/it\/ascensori\/","og_site_name":"TERNINOX","article_modified_time":"2020-09-14T09:45:04+00:00","twitter_card":"summary_large_image","twitter_misc":{"Tempo di lettura stimato":"4 minuti"},"schema":{"@context":"https:\/\/schema.org","@graph":[{"@type":"WebPage","@id":"https:\/\/www.terninox.it\/it\/ascensori\/","url":"https:\/\/www.terninox.it\/it\/ascensori\/","name":"TERNINOX settori di impego: ampia gamma di fiiture per Ascensori","isPartOf":{"@id":"https:\/\/www.terninox.it\/#website"},"datePublished":"2019-09-02T21:31:46+00:00","dateModified":"2020-09-14T09:45:04+00:00","description":"Specializzati sul grado 441 e su una vasta gamma di finiture decorate. Supportiamo gli operatori globali Soluzioni Kanban o Conto Deposito.","breadcrumb":{"@id":"https:\/\/www.terninox.it\/it\/ascensori\/#breadcrumb"},"inLanguage":"it-IT","potentialAction":[{"@type":"ReadAction","target":["https:\/\/www.terninox.it\/it\/ascensori\/"]}]},{"@type":"BreadcrumbList","@id":"https:\/\/www.terninox.it\/it\/ascensori\/#breadcrumb","itemListElement":[{"@type":"ListItem","position":1,"name":"Home","item":"https:\/\/www.terninox.it\/it\/"},{"@type":"ListItem","position":2,"name":"ASCENSORI"}]},{"@type":"WebSite","@id":"https:\/\/www.terninox.it\/#website","url":"https:\/\/www.terninox.it\/","name":"TERNINOX","description":"ITALY&#039;S LEADING SSSC","potentialAction":[{"@type":"SearchAction","target":{"@type":"EntryPoint","urlTemplate":"https:\/\/www.terninox.it\/?s={search_term_string}"},"query-input":{"@type":"PropertyValueSpecification","valueRequired":true,"valueName":"search_term_string"}}],"inLanguage":"it-IT"}]}},"_links":{"self":[{"href":"https:\/\/www.terninox.it\/it\/wp-json\/wp\/v2\/pages\/12278","targetHints":{"allow":["GET"]}}],"collection":[{"href":"https:\/\/www.terninox.it\/it\/wp-json\/wp\/v2\/pages"}],"about":[{"href":"https:\/\/www.terninox.it\/it\/wp-json\/wp\/v2\/types\/page"}],"author":[{"embeddable":true,"href":"https:\/\/www.terninox.it\/it\/wp-json\/wp\/v2\/users\/1"}],"replies":[{"embeddable":true,"href":"https:\/\/www.terninox.it\/it\/wp-json\/wp\/v2\/comments?post=12278"}],"version-history":[{"count":16,"href":"https:\/\/www.terninox.it\/it\/wp-json\/wp\/v2\/pages\/12278\/revisions"}],"predecessor-version":[{"id":13957,"href":"https:\/\/www.terninox.it\/it\/wp-json\/wp\/v2\/pages\/12278\/revisions\/13957"}],"wp:attachment":[{"href":"https:\/\/www.terninox.it\/it\/wp-json\/wp\/v2\/media?parent=12278"}],"curies":[{"name":"wp","href":"https:\/\/api.w.org\/{rel}","templated":true}]}}