{"id":12261,"date":"2019-09-02T22:44:57","date_gmt":"2019-09-02T20:44:57","guid":{"rendered":"https:\/\/www.terninox.it\/?page_id=12261"},"modified":"2026-02-12T09:23:42","modified_gmt":"2026-02-12T08:23:42","slug":"i-nostri-valori","status":"publish","type":"page","link":"https:\/\/www.terninox.it\/it\/i-nostri-valori\/","title":{"rendered":"I NOSTRI VALORI"},"content":{"rendered":"<div id='layer_slider_1'  class='avia-layerslider main_color avia-shadow  avia-builder-el-0  el_before_av_section  avia-builder-el-first  container_wrap sidebar_right'  style='height: 351px;'  ><\/div>\n<div id='av_section_1'  class='avia-section av-2mcwxfp-129e85a5526bd9840540620dfa4fdcf2 main_color avia-section-small avia-shadow  avia-builder-el-1  el_after_av_layerslider  el_before_av_section  avia-bg-style-scroll container_wrap sidebar_right'  ><div class='container av-section-cont-open' ><div class='template-page content  av-content-small alpha units'><div class='post-entry post-entry-type-page post-entry-12261'><div class='entry-content-wrapper clearfix'>\n\n<style type=\"text\/css\" data-created_by=\"avia_inline_auto\" id=\"style-css-av-z8mp8s-fb39ce1d4da14de29671c06fdcbddc50\">\n.flex_column.av-z8mp8s-fb39ce1d4da14de29671c06fdcbddc50{\nborder-radius:0px 0px 0px 0px;\npadding:0px 0px 0px 0px;\n}\n<\/style>\n<div  class='flex_column av-z8mp8s-fb39ce1d4da14de29671c06fdcbddc50 av_one_half  avia-builder-el-2  el_before_av_one_half  avia-builder-el-first  first flex_column_div av-zero-column-padding  '     ><style type=\"text\/css\" data-created_by=\"avia_inline_auto\" id=\"style-css-av-k0b6rvgx-8427ea9d418f2646ef40b44f0c1be931\">\n.avia-image-container.av-k0b6rvgx-8427ea9d418f2646ef40b44f0c1be931 img.avia_image{\nbox-shadow:none;\n}\n.avia-image-container.av-k0b6rvgx-8427ea9d418f2646ef40b44f0c1be931 .av-image-caption-overlay-center{\ncolor:#ffffff;\n}\n<\/style>\n<div  class='avia-image-container av-k0b6rvgx-8427ea9d418f2646ef40b44f0c1be931 av-styling- avia-align-center  avia-builder-el-3  avia-builder-el-no-sibling '   itemprop=\"image\" itemscope=\"itemscope\" itemtype=\"https:\/\/schema.org\/ImageObject\" ><div class=\"avia-image-container-inner\"><div class=\"avia-image-overlay-wrap\"><img decoding=\"async\" fetchpriority=\"high\" class='wp-image-12579 avia-img-lazy-loading-not-12579 avia_image ' src=\"https:\/\/www.terninox.it\/wp-content\/uploads\/2019\/09\/02_02_01-1030x580.jpg\" alt='' title='02_02_01'  height=\"580\" width=\"1030\"  itemprop=\"thumbnailUrl\" srcset=\"https:\/\/www.terninox.it\/wp-content\/uploads\/2019\/09\/02_02_01-1030x580.jpg 1030w, https:\/\/www.terninox.it\/wp-content\/uploads\/2019\/09\/02_02_01-300x169.jpg 300w, https:\/\/www.terninox.it\/wp-content\/uploads\/2019\/09\/02_02_01-768x432.jpg 768w, https:\/\/www.terninox.it\/wp-content\/uploads\/2019\/09\/02_02_01.jpg 1500w, https:\/\/www.terninox.it\/wp-content\/uploads\/2019\/09\/02_02_01-705x397.jpg 705w, https:\/\/www.terninox.it\/wp-content\/uploads\/2019\/09\/02_02_01-450x253.jpg 450w\" sizes=\"(max-width: 1030px) 100vw, 1030px\" \/><\/div><\/div><\/div><\/div>\n<style type=\"text\/css\" data-created_by=\"avia_inline_auto\" id=\"style-css-av-z8mp8s-0053a882e76dd6214df5d2bf9ab023fc\">\n.flex_column.av-z8mp8s-0053a882e76dd6214df5d2bf9ab023fc{\nborder-radius:0px 0px 0px 0px;\npadding:0px 0px 0px 0px;\n}\n<\/style>\n<div  class='flex_column av-z8mp8s-0053a882e76dd6214df5d2bf9ab023fc av_one_half  avia-builder-el-4  el_after_av_one_half  avia-builder-el-last  flex_column_div av-zero-column-padding  '     ><p>\n<style type=\"text\/css\" data-created_by=\"avia_inline_auto\" id=\"style-css-av-k6uzp3iy-ac3f1b07778663b84e05c8794df30b07\">\n#top .av-special-heading.av-k6uzp3iy-ac3f1b07778663b84e05c8794df30b07{\npadding-bottom:10px;\ncolor:#2d5c88;\nfont-size:36px;\n}\nbody .av-special-heading.av-k6uzp3iy-ac3f1b07778663b84e05c8794df30b07 .av-special-heading-tag .heading-char{\nfont-size:25px;\n}\n#top #wrap_all .av-special-heading.av-k6uzp3iy-ac3f1b07778663b84e05c8794df30b07 .av-special-heading-tag{\nfont-size:36px;\n}\n.av-special-heading.av-k6uzp3iy-ac3f1b07778663b84e05c8794df30b07 .special-heading-inner-border{\nborder-color:#2d5c88;\n}\n.av-special-heading.av-k6uzp3iy-ac3f1b07778663b84e05c8794df30b07 .av-subheading{\nfont-size:24px;\n}\n\n@media only screen and (min-width: 480px) and (max-width: 767px){ \n#top #wrap_all .av-special-heading.av-k6uzp3iy-ac3f1b07778663b84e05c8794df30b07 .av-special-heading-tag{\nfont-size:0.8em;\n}\n}\n\n@media only screen and (max-width: 479px){ \n#top #wrap_all .av-special-heading.av-k6uzp3iy-ac3f1b07778663b84e05c8794df30b07 .av-special-heading-tag{\nfont-size:0.8em;\n}\n}\n<\/style>\n<div  class='av-special-heading av-k6uzp3iy-ac3f1b07778663b84e05c8794df30b07 av-special-heading-h1 custom-color-heading blockquote modern-quote  avia-builder-el-5  el_before_av_textblock  avia-builder-el-first  av-inherit-size'><h1 class='av-special-heading-tag '  itemprop=\"headline\"  >FIDUCIA<\/h1><div class=\"special-heading-border\"><div class=\"special-heading-inner-border\"><\/div><\/div><\/div><br \/>\n\n<style type=\"text\/css\" data-created_by=\"avia_inline_auto\" id=\"style-css-av-k02jqfv9-c9e0c1f17b3be271b80f5c281be798fa\">\n#top .av_textblock_section.av-k02jqfv9-c9e0c1f17b3be271b80f5c281be798fa .avia_textblock{\nfont-size:13px;\n}\n<\/style>\n<section  class='av_textblock_section av-k02jqfv9-c9e0c1f17b3be271b80f5c281be798fa '   itemscope=\"itemscope\" itemtype=\"https:\/\/schema.org\/CreativeWork\" ><div class='avia_textblock'  itemprop=\"text\" ><p>Il nostro team \u00e8 sempre a vostra disposizione\u00a0 e segue con passione e dedizione ogni singola fase di produzione e spedizione.<\/p>\n<p>Tutti gli sforzi fatti quotidianamente per spedire in tutto il mondo i nostri prodotti ci hanno dato i giusti risultati per posizionare Terninox tra le aziende pi\u00f9 affidabili e del settore.<\/p>\n<\/div><\/section><br \/>\n\n<style type=\"text\/css\" data-created_by=\"avia_inline_auto\" id=\"style-css-av-k02jqfv9-c9e0c1f17b3be271b80f5c281be798fa\">\n#top .av_textblock_section.av-k02jqfv9-c9e0c1f17b3be271b80f5c281be798fa .avia_textblock{\nfont-size:13px;\n}\n<\/style>\n<section  class='av_textblock_section av-k02jqfv9-c9e0c1f17b3be271b80f5c281be798fa '   itemscope=\"itemscope\" itemtype=\"https:\/\/schema.org\/CreativeWork\" ><div class='avia_textblock'  itemprop=\"text\" ><table style=\"width: 100%; border-collapse: collapse; border-style: hidden;\">\n<tbody>\n<tr>\n<td style=\"width: 407.5px; border-style: hidden;\">\n<ul>\n<li><span style=\"font-size: 12pt;\">Conformit\u00e0<\/span><\/li>\n<li><span style=\"font-size: 12pt;\">Responsabilit\u00e0 sociale<\/span><\/li>\n<\/ul>\n<\/td>\n<td style=\"width: 407.5px; border-style: hidden;\">\n<ul>\n<li><span style=\"font-size: 12pt;\">Coerenza della qualit\u00e0 del prodotto<\/span><\/li>\n<li><span style=\"font-size: 12pt;\">Accuratezza nella consegna<\/span><\/li>\n<\/ul>\n<\/td>\n<\/tr>\n<\/tbody>\n<\/table>\n<\/div><\/section><\/p><\/div>\n\n<\/div><\/div><\/div><!-- close content main div --><\/div><\/div>\n<style type=\"text\/css\" data-created_by=\"avia_inline_auto\" id=\"style-css-av-k0dyycx6-ee7ab92dd77de5ce34385008ad9faa90\">\n.avia-section.av-k0dyycx6-ee7ab92dd77de5ce34385008ad9faa90{\nbackground-color:#cecece;\nbackground-image:unset;\n}\n<\/style>\n<div id='av_section_2'  class='avia-section av-k0dyycx6-ee7ab92dd77de5ce34385008ad9faa90 main_color avia-section-small avia-shadow  avia-builder-el-8  el_after_av_section  el_before_av_section  avia-bg-style-scroll container_wrap sidebar_right'  ><div class='container av-section-cont-open' ><div class='template-page content  av-content-small alpha units'><div class='post-entry post-entry-type-page post-entry-12261'><div class='entry-content-wrapper clearfix'>\n\n<style type=\"text\/css\" data-created_by=\"avia_inline_auto\" id=\"style-css-av-z8mp8s-fb39ce1d4da14de29671c06fdcbddc50\">\n.flex_column.av-z8mp8s-fb39ce1d4da14de29671c06fdcbddc50{\nborder-radius:0px 0px 0px 0px;\npadding:0px 0px 0px 0px;\n}\n<\/style>\n<div  class='flex_column av-z8mp8s-fb39ce1d4da14de29671c06fdcbddc50 av_one_half  avia-builder-el-9  el_before_av_one_half  avia-builder-el-first  first flex_column_div av-zero-column-padding  '     ><style type=\"text\/css\" data-created_by=\"avia_inline_auto\" id=\"style-css-av-k0b6rvgx-3a9e15b4774d4db468009008107f519b\">\n.avia-image-container.av-k0b6rvgx-3a9e15b4774d4db468009008107f519b img.avia_image{\nbox-shadow:none;\n}\n.avia-image-container.av-k0b6rvgx-3a9e15b4774d4db468009008107f519b .av-image-caption-overlay-center{\ncolor:#ffffff;\n}\n<\/style>\n<div  class='avia-image-container av-k0b6rvgx-3a9e15b4774d4db468009008107f519b av-styling- avia-align-center  avia-builder-el-10  avia-builder-el-no-sibling '   itemprop=\"image\" itemscope=\"itemscope\" itemtype=\"https:\/\/schema.org\/ImageObject\" ><div class=\"avia-image-container-inner\"><div class=\"avia-image-overlay-wrap\"><img decoding=\"async\" fetchpriority=\"high\" class='wp-image-12581 avia-img-lazy-loading-not-12581 avia_image ' src=\"https:\/\/www.terninox.it\/wp-content\/uploads\/2019\/09\/02_02_02-1030x580.jpg\" alt='' title='02_02_02'  height=\"580\" width=\"1030\"  itemprop=\"thumbnailUrl\" srcset=\"https:\/\/www.terninox.it\/wp-content\/uploads\/2019\/09\/02_02_02-1030x580.jpg 1030w, https:\/\/www.terninox.it\/wp-content\/uploads\/2019\/09\/02_02_02-300x169.jpg 300w, https:\/\/www.terninox.it\/wp-content\/uploads\/2019\/09\/02_02_02-768x432.jpg 768w, https:\/\/www.terninox.it\/wp-content\/uploads\/2019\/09\/02_02_02.jpg 1500w, https:\/\/www.terninox.it\/wp-content\/uploads\/2019\/09\/02_02_02-705x397.jpg 705w, https:\/\/www.terninox.it\/wp-content\/uploads\/2019\/09\/02_02_02-450x253.jpg 450w\" sizes=\"(max-width: 1030px) 100vw, 1030px\" \/><\/div><\/div><\/div><\/div>\n<style type=\"text\/css\" data-created_by=\"avia_inline_auto\" id=\"style-css-av-z8mp8s-0053a882e76dd6214df5d2bf9ab023fc\">\n.flex_column.av-z8mp8s-0053a882e76dd6214df5d2bf9ab023fc{\nborder-radius:0px 0px 0px 0px;\npadding:0px 0px 0px 0px;\n}\n<\/style>\n<div  class='flex_column av-z8mp8s-0053a882e76dd6214df5d2bf9ab023fc av_one_half  avia-builder-el-11  el_after_av_one_half  avia-builder-el-last  flex_column_div av-zero-column-padding  '     ><p>\n<style type=\"text\/css\" data-created_by=\"avia_inline_auto\" id=\"style-css-av-k6uzr9ge-5c5b0398ac85439dca2c5800721efba0\">\n#top .av-special-heading.av-k6uzr9ge-5c5b0398ac85439dca2c5800721efba0{\npadding-bottom:10px;\ncolor:#2d5c88;\nfont-size:36px;\n}\nbody .av-special-heading.av-k6uzr9ge-5c5b0398ac85439dca2c5800721efba0 .av-special-heading-tag .heading-char{\nfont-size:25px;\n}\n#top #wrap_all .av-special-heading.av-k6uzr9ge-5c5b0398ac85439dca2c5800721efba0 .av-special-heading-tag{\nfont-size:36px;\n}\n.av-special-heading.av-k6uzr9ge-5c5b0398ac85439dca2c5800721efba0 .special-heading-inner-border{\nborder-color:#2d5c88;\n}\n.av-special-heading.av-k6uzr9ge-5c5b0398ac85439dca2c5800721efba0 .av-subheading{\nfont-size:24px;\n}\n\n@media only screen and (min-width: 480px) and (max-width: 767px){ \n#top #wrap_all .av-special-heading.av-k6uzr9ge-5c5b0398ac85439dca2c5800721efba0 .av-special-heading-tag{\nfont-size:0.8em;\n}\n}\n\n@media only screen and (max-width: 479px){ \n#top #wrap_all .av-special-heading.av-k6uzr9ge-5c5b0398ac85439dca2c5800721efba0 .av-special-heading-tag{\nfont-size:0.8em;\n}\n}\n<\/style>\n<div  class='av-special-heading av-k6uzr9ge-5c5b0398ac85439dca2c5800721efba0 av-special-heading-h1 custom-color-heading blockquote modern-quote  avia-builder-el-12  el_before_av_textblock  avia-builder-el-first  av-inherit-size'><h1 class='av-special-heading-tag '  itemprop=\"headline\"  >SERVIZIO<\/h1><div class=\"special-heading-border\"><div class=\"special-heading-inner-border\"><\/div><\/div><\/div><br \/>\n\n<style type=\"text\/css\" data-created_by=\"avia_inline_auto\" id=\"style-css-av-k02jqfv9-c9e0c1f17b3be271b80f5c281be798fa\">\n#top .av_textblock_section.av-k02jqfv9-c9e0c1f17b3be271b80f5c281be798fa .avia_textblock{\nfont-size:13px;\n}\n<\/style>\n<section  class='av_textblock_section av-k02jqfv9-c9e0c1f17b3be271b80f5c281be798fa '   itemscope=\"itemscope\" itemtype=\"https:\/\/schema.org\/CreativeWork\" ><div class='avia_textblock'  itemprop=\"text\" ><p>Qualit\u00e0 e tempismo sono oggi e come sempre le nostre principali priorit\u00e0. Terninox fornisce i migliori prodotti di qualit\u00e0 per spingere il vostro business in alto e vi permette di essere sempre un passo avanti. Ascoltiamo con attenzione tutte le esigenze al fine di trovare la miglior soluzione per ogni cliente. Arriviamo sempre al cuore della vostra attivit\u00e0 per permettervi le performance di pi\u00f9 alto livello.<\/p>\n<p><span style=\"font-size: 12pt;\">\u00a0<\/span><\/p>\n<\/div><\/section><br \/>\n\n<style type=\"text\/css\" data-created_by=\"avia_inline_auto\" id=\"style-css-av-k02jqfv9-c9e0c1f17b3be271b80f5c281be798fa\">\n#top .av_textblock_section.av-k02jqfv9-c9e0c1f17b3be271b80f5c281be798fa .avia_textblock{\nfont-size:13px;\n}\n<\/style>\n<section  class='av_textblock_section av-k02jqfv9-c9e0c1f17b3be271b80f5c281be798fa '   itemscope=\"itemscope\" itemtype=\"https:\/\/schema.org\/CreativeWork\" ><div class='avia_textblock'  itemprop=\"text\" ><table style=\"width: 100%; border-collapse: collapse; border-style: hidden; background-color: #cecece; height: 82px;\">\n<tbody>\n<tr style=\"height: 82px;\">\n<td style=\"width: 407.5px; border-style: hidden; height: 82px; background-color: #cecece;\">\n<ul>\n<li><span style=\"font-size: 12pt;\">Dedizione alla qualit\u00e0<br \/>\n<\/span><\/li>\n<li><span style=\"font-size: 14pt;\"><span style=\"font-size: 12pt;\">La giusta qualit\u00e0 al momento giusto<\/span><br \/>\n<\/span><\/li>\n<\/ul>\n<\/td>\n<td style=\"width: 407.5px; border-style: hidden; height: 82px; background-color: #cecece;\">\n<ul>\n<li><span style=\"font-size: 12pt;\">Soluzioni orientate al cliente<br \/>\n<\/span><\/li>\n<li><span style=\"font-size: 14pt;\"><span style=\"font-size: 12pt;\">Strutturazione privata<\/span><br \/>\n<\/span><\/li>\n<\/ul>\n<\/td>\n<\/tr>\n<\/tbody>\n<\/table>\n<\/div><\/section><\/p><\/div>\n\n<\/div><\/div><\/div><!-- close content main div --><\/div><\/div><div id='av_section_3'  class='avia-section av-yz81wl-23d9c24095d27a316336308e4f452a37 main_color avia-section-small avia-shadow  avia-builder-el-15  el_after_av_section  avia-builder-el-last  avia-bg-style-scroll container_wrap sidebar_right'  ><div class='container av-section-cont-open' ><div class='template-page content  av-content-small alpha units'><div class='post-entry post-entry-type-page post-entry-12261'><div class='entry-content-wrapper clearfix'>\n\n<style type=\"text\/css\" data-created_by=\"avia_inline_auto\" id=\"style-css-av-z8mp8s-0053a882e76dd6214df5d2bf9ab023fc\">\n.flex_column.av-z8mp8s-0053a882e76dd6214df5d2bf9ab023fc{\nborder-radius:0px 0px 0px 0px;\npadding:0px 0px 0px 0px;\n}\n<\/style>\n<div  class='flex_column av-z8mp8s-0053a882e76dd6214df5d2bf9ab023fc av_one_half  avia-builder-el-16  avia-builder-el-no-sibling  flex_column_div av-zero-column-padding  '     ><p>\n<style type=\"text\/css\" data-created_by=\"avia_inline_auto\" id=\"style-css-av-k6uzt6su-6cfdd2520dbf6e3d7c6d22b1c0c65104\">\n#top .av-special-heading.av-k6uzt6su-6cfdd2520dbf6e3d7c6d22b1c0c65104{\npadding-bottom:10px;\ncolor:#2d5c88;\nfont-size:34px;\n}\nbody .av-special-heading.av-k6uzt6su-6cfdd2520dbf6e3d7c6d22b1c0c65104 .av-special-heading-tag .heading-char{\nfont-size:25px;\n}\n#top #wrap_all .av-special-heading.av-k6uzt6su-6cfdd2520dbf6e3d7c6d22b1c0c65104 .av-special-heading-tag{\nfont-size:34px;\n}\n.av-special-heading.av-k6uzt6su-6cfdd2520dbf6e3d7c6d22b1c0c65104 .special-heading-inner-border{\nborder-color:#2d5c88;\n}\n.av-special-heading.av-k6uzt6su-6cfdd2520dbf6e3d7c6d22b1c0c65104 .av-subheading{\nfont-size:24px;\n}\n\n@media only screen and (min-width: 480px) and (max-width: 767px){ \n#top #wrap_all .av-special-heading.av-k6uzt6su-6cfdd2520dbf6e3d7c6d22b1c0c65104 .av-special-heading-tag{\nfont-size:0.8em;\n}\n}\n\n@media only screen and (max-width: 479px){ \n#top #wrap_all .av-special-heading.av-k6uzt6su-6cfdd2520dbf6e3d7c6d22b1c0c65104 .av-special-heading-tag{\nfont-size:0.8em;\n}\n}\n<\/style>\n<div  class='av-special-heading av-k6uzt6su-6cfdd2520dbf6e3d7c6d22b1c0c65104 av-special-heading-h1 custom-color-heading blockquote modern-quote  avia-builder-el-17  el_before_av_textblock  avia-builder-el-first  av-inherit-size'><h1 class='av-special-heading-tag '  itemprop=\"headline\"  >PROFESSIONALIT\u00c0 <\/h1><div class=\"special-heading-border\"><div class=\"special-heading-inner-border\"><\/div><\/div><\/div><br \/>\n\n<style type=\"text\/css\" data-created_by=\"avia_inline_auto\" id=\"style-css-av-k02jqfv9-c9e0c1f17b3be271b80f5c281be798fa\">\n#top .av_textblock_section.av-k02jqfv9-c9e0c1f17b3be271b80f5c281be798fa .avia_textblock{\nfont-size:13px;\n}\n<\/style>\n<section  class='av_textblock_section av-k02jqfv9-c9e0c1f17b3be271b80f5c281be798fa '   itemscope=\"itemscope\" itemtype=\"https:\/\/schema.org\/CreativeWork\" ><div class='avia_textblock'  itemprop=\"text\" ><p>L\u2019innovazione \u00e8 il primo passo verso lo sviluppo sostenibile. Un approccio proattivo ci permette di guardare al futuro con ottimismo. Terninox \u00e8 certificata ISO 9001 e ISO14001 perch\u00e9 il valore pi\u00f9 grande \u00e8 il nostro pianeta.<\/p>\n<p><span style=\"font-size: 12pt;\">\u00a0<\/span><\/p>\n<\/div><\/section><br \/>\n\n<style type=\"text\/css\" data-created_by=\"avia_inline_auto\" id=\"style-css-av-k02jqfv9-c9e0c1f17b3be271b80f5c281be798fa\">\n#top .av_textblock_section.av-k02jqfv9-c9e0c1f17b3be271b80f5c281be798fa .avia_textblock{\nfont-size:13px;\n}\n<\/style>\n<section  class='av_textblock_section av-k02jqfv9-c9e0c1f17b3be271b80f5c281be798fa '   itemscope=\"itemscope\" itemtype=\"https:\/\/schema.org\/CreativeWork\" ><div class='avia_textblock'  itemprop=\"text\" ><table style=\"width: 100%; border-collapse: collapse; border-style: hidden;\">\n<tbody>\n<tr>\n<td style=\"width: 407.5px; border-style: hidden;\">\n<ul>\n<li><span style=\"font-size: 12pt;\">Personale specializzato e formato<br \/>\n<\/span><\/li>\n<li><span style=\"font-size: 14pt;\"><span style=\"font-size: 12pt;\">Innovativi e proattivi<\/span><br \/>\n<\/span><\/li>\n<\/ul>\n<\/td>\n<td style=\"width: 407.5px; border-style: hidden;\">\n<ul>\n<li><span style=\"font-size: 12pt;\">Processi sicuri<br \/>\n<\/span><\/li>\n<li><span style=\"font-size: 14pt;\"><span style=\"font-size: 12pt;\">Cerificazione ISO9001, ISO 14001<\/span><br \/>\n<\/span><\/li>\n<\/ul>\n<\/td>\n<\/tr>\n<\/tbody>\n<\/table>\n<\/div><\/section><\/p><\/div><\/div><\/div><\/div><!-- close content main div --><\/div><\/div><div id='after_section_3'  class='main_color av_default_container_wrap container_wrap sidebar_right'  ><div class='container av-section-cont-open' ><div class='template-page content  av-content-small alpha units'><div class='post-entry post-entry-type-page post-entry-12261'><div class='entry-content-wrapper clearfix'>\n","protected":false},"excerpt":{"rendered":"","protected":false},"author":1,"featured_media":0,"parent":0,"menu_order":0,"comment_status":"closed","ping_status":"closed","template":"","meta":{"footnotes":""},"class_list":["post-12261","page","type-page","status-publish","hentry"],"yoast_head":"<!-- This site is optimized with the Yoast SEO plugin v26.7 - https:\/\/yoast.com\/wordpress\/plugins\/seo\/ -->\n<title>TERNINOX I nostri valori - Fiducia, Servizio, Professionalit\u00e0<\/title>\n<meta name=\"description\" content=\"Terninox fornisce i migliori prodotti di qualit\u00e0 con soluzioni orientate al cliente. Certificata ISO 9001 e ISO14001, attenzione allo sviluppo sostenibile\" \/>\n<meta name=\"robots\" content=\"index, follow, max-snippet:-1, max-image-preview:large, max-video-preview:-1\" \/>\n<link rel=\"canonical\" href=\"https:\/\/www.terninox.it\/it\/i-nostri-valori\/\" \/>\n<meta property=\"og:locale\" content=\"it_IT\" \/>\n<meta property=\"og:type\" content=\"article\" \/>\n<meta property=\"og:title\" content=\"TERNINOX I nostri valori - Fiducia, Servizio, Professionalit\u00e0\" \/>\n<meta property=\"og:description\" content=\"Terninox fornisce i migliori prodotti di qualit\u00e0 con soluzioni orientate al cliente. Certificata ISO 9001 e ISO14001, attenzione allo sviluppo sostenibile\" \/>\n<meta property=\"og:url\" content=\"https:\/\/www.terninox.it\/it\/i-nostri-valori\/\" \/>\n<meta property=\"og:site_name\" content=\"TERNINOX\" \/>\n<meta property=\"article:modified_time\" content=\"2026-02-12T08:23:42+00:00\" \/>\n<meta name=\"twitter:card\" content=\"summary_large_image\" \/>\n<meta name=\"twitter:label1\" content=\"Tempo di lettura stimato\" \/>\n\t<meta name=\"twitter:data1\" content=\"2 minuti\" \/>\n<script type=\"application\/ld+json\" class=\"yoast-schema-graph\">{\"@context\":\"https:\/\/schema.org\",\"@graph\":[{\"@type\":\"WebPage\",\"@id\":\"https:\/\/www.terninox.it\/it\/i-nostri-valori\/\",\"url\":\"https:\/\/www.terninox.it\/it\/i-nostri-valori\/\",\"name\":\"TERNINOX I nostri valori - Fiducia, Servizio, Professionalit\u00e0\",\"isPartOf\":{\"@id\":\"https:\/\/www.terninox.it\/#website\"},\"datePublished\":\"2019-09-02T20:44:57+00:00\",\"dateModified\":\"2026-02-12T08:23:42+00:00\",\"description\":\"Terninox fornisce i migliori prodotti di qualit\u00e0 con soluzioni orientate al cliente. Certificata ISO 9001 e ISO14001, attenzione allo sviluppo sostenibile\",\"breadcrumb\":{\"@id\":\"https:\/\/www.terninox.it\/it\/i-nostri-valori\/#breadcrumb\"},\"inLanguage\":\"it-IT\",\"potentialAction\":[{\"@type\":\"ReadAction\",\"target\":[\"https:\/\/www.terninox.it\/it\/i-nostri-valori\/\"]}]},{\"@type\":\"BreadcrumbList\",\"@id\":\"https:\/\/www.terninox.it\/it\/i-nostri-valori\/#breadcrumb\",\"itemListElement\":[{\"@type\":\"ListItem\",\"position\":1,\"name\":\"Home\",\"item\":\"https:\/\/www.terninox.it\/it\/\"},{\"@type\":\"ListItem\",\"position\":2,\"name\":\"I NOSTRI VALORI\"}]},{\"@type\":\"WebSite\",\"@id\":\"https:\/\/www.terninox.it\/#website\",\"url\":\"https:\/\/www.terninox.it\/\",\"name\":\"TERNINOX\",\"description\":\"ITALY&#039;S LEADING SSSC\",\"potentialAction\":[{\"@type\":\"SearchAction\",\"target\":{\"@type\":\"EntryPoint\",\"urlTemplate\":\"https:\/\/www.terninox.it\/?s={search_term_string}\"},\"query-input\":{\"@type\":\"PropertyValueSpecification\",\"valueRequired\":true,\"valueName\":\"search_term_string\"}}],\"inLanguage\":\"it-IT\"}]}<\/script>\n<!-- \/ Yoast SEO plugin. -->","yoast_head_json":{"title":"TERNINOX I nostri valori - Fiducia, Servizio, Professionalit\u00e0","description":"Terninox fornisce i migliori prodotti di qualit\u00e0 con soluzioni orientate al cliente. Certificata ISO 9001 e ISO14001, attenzione allo sviluppo sostenibile","robots":{"index":"index","follow":"follow","max-snippet":"max-snippet:-1","max-image-preview":"max-image-preview:large","max-video-preview":"max-video-preview:-1"},"canonical":"https:\/\/www.terninox.it\/it\/i-nostri-valori\/","og_locale":"it_IT","og_type":"article","og_title":"TERNINOX I nostri valori - Fiducia, Servizio, Professionalit\u00e0","og_description":"Terninox fornisce i migliori prodotti di qualit\u00e0 con soluzioni orientate al cliente. Certificata ISO 9001 e ISO14001, attenzione allo sviluppo sostenibile","og_url":"https:\/\/www.terninox.it\/it\/i-nostri-valori\/","og_site_name":"TERNINOX","article_modified_time":"2026-02-12T08:23:42+00:00","twitter_card":"summary_large_image","twitter_misc":{"Tempo di lettura stimato":"2 minuti"},"schema":{"@context":"https:\/\/schema.org","@graph":[{"@type":"WebPage","@id":"https:\/\/www.terninox.it\/it\/i-nostri-valori\/","url":"https:\/\/www.terninox.it\/it\/i-nostri-valori\/","name":"TERNINOX I nostri valori - Fiducia, Servizio, Professionalit\u00e0","isPartOf":{"@id":"https:\/\/www.terninox.it\/#website"},"datePublished":"2019-09-02T20:44:57+00:00","dateModified":"2026-02-12T08:23:42+00:00","description":"Terninox fornisce i migliori prodotti di qualit\u00e0 con soluzioni orientate al cliente. Certificata ISO 9001 e ISO14001, attenzione allo sviluppo sostenibile","breadcrumb":{"@id":"https:\/\/www.terninox.it\/it\/i-nostri-valori\/#breadcrumb"},"inLanguage":"it-IT","potentialAction":[{"@type":"ReadAction","target":["https:\/\/www.terninox.it\/it\/i-nostri-valori\/"]}]},{"@type":"BreadcrumbList","@id":"https:\/\/www.terninox.it\/it\/i-nostri-valori\/#breadcrumb","itemListElement":[{"@type":"ListItem","position":1,"name":"Home","item":"https:\/\/www.terninox.it\/it\/"},{"@type":"ListItem","position":2,"name":"I NOSTRI VALORI"}]},{"@type":"WebSite","@id":"https:\/\/www.terninox.it\/#website","url":"https:\/\/www.terninox.it\/","name":"TERNINOX","description":"ITALY&#039;S LEADING SSSC","potentialAction":[{"@type":"SearchAction","target":{"@type":"EntryPoint","urlTemplate":"https:\/\/www.terninox.it\/?s={search_term_string}"},"query-input":{"@type":"PropertyValueSpecification","valueRequired":true,"valueName":"search_term_string"}}],"inLanguage":"it-IT"}]}},"_links":{"self":[{"href":"https:\/\/www.terninox.it\/it\/wp-json\/wp\/v2\/pages\/12261","targetHints":{"allow":["GET"]}}],"collection":[{"href":"https:\/\/www.terninox.it\/it\/wp-json\/wp\/v2\/pages"}],"about":[{"href":"https:\/\/www.terninox.it\/it\/wp-json\/wp\/v2\/types\/page"}],"author":[{"embeddable":true,"href":"https:\/\/www.terninox.it\/it\/wp-json\/wp\/v2\/users\/1"}],"replies":[{"embeddable":true,"href":"https:\/\/www.terninox.it\/it\/wp-json\/wp\/v2\/comments?post=12261"}],"version-history":[{"count":31,"href":"https:\/\/www.terninox.it\/it\/wp-json\/wp\/v2\/pages\/12261\/revisions"}],"predecessor-version":[{"id":14420,"href":"https:\/\/www.terninox.it\/it\/wp-json\/wp\/v2\/pages\/12261\/revisions\/14420"}],"wp:attachment":[{"href":"https:\/\/www.terninox.it\/it\/wp-json\/wp\/v2\/media?parent=12261"}],"curies":[{"name":"wp","href":"https:\/\/api.w.org\/{rel}","templated":true}]}}